{"id":82,"date":"2018-02-02T14:29:59","date_gmt":"2018-02-02T13:29:59","guid":{"rendered":"http:\/\/ikstarnobrzeg.pl\/?page_id=82"},"modified":"2018-07-17T10:42:24","modified_gmt":"2018-07-17T08:42:24","slug":"wspierajacy","status":"publish","type":"page","link":"https:\/\/ikstarnobrzeg.pl\/index.php\/wspierajacy\/","title":{"rendered":"Wspieraj\u0105cy Nas"},"content":{"rendered":"\n\t\t<style>\n\t\t\t#wpls-logo-showcase-slider-1 .wpls-fix-box,\n\t\t\t#wpls-logo-showcase-slider-1 .wpls-fix-box img.wp-post-image{max-height:250px; }\n\t\t<\/style>\n\n\t\t<div class=\"wpls-wrap wpls-logo-showcase-slider-wrp wpls-logo-clearfix wpls-design-1 \" data-conf=\"{&quot;slides_column&quot;:4,&quot;slides_scroll&quot;:1,&quot;dots&quot;:&quot;true&quot;,&quot;arrows&quot;:&quot;true&quot;,&quot;autoplay&quot;:&quot;true&quot;,&quot;autoplay_interval&quot;:3000,&quot;loop&quot;:&quot;true&quot;,&quot;rtl&quot;:&quot;false&quot;,&quot;speed&quot;:800,&quot;center_mode&quot;:&quot;false&quot;,&quot;lazyload&quot;:&quot;&quot;}\">\n\t\t\t<div class=\"wpls-logo-showcase logo_showcase wpls-logo-slider  sliderimage_hide_border \" id=\"wpls-logo-showcase-slider-1\" >\n\t\t\t\t<div class=\"wpls-logo-cnt\">\n\t<div class=\"wpls-fix-box\">\n\t\t\t\t<a href=\"http:\/\/www.pilkington.com\/pl-PL\/pl\" target=\"_self\">\n\t\t\t<img class=\"wp-post-image\"  src=\"https:\/\/ikstarnobrzeg.pl\/wp-content\/uploads\/2018\/10\/Logo-razem-NSG-Pilkington-kopia.jpg\" alt=\"\" \/>\n\t\t<\/a>\n\t\t\t<\/div>\n\t\t<div class=\"logo-title\">NSG Group w\u0142a\u015bciciel marki Pilkington<\/div>\n\t<\/div><div class=\"wpls-logo-cnt\">\n\t<div class=\"wpls-fix-box\">\n\t\t\t\t<a href=\"https:\/\/www.phoenixcontact.com\/pl-pl\/\" target=\"_self\">\n\t\t\t<img class=\"wp-post-image\"  src=\"https:\/\/ikstarnobrzeg.pl\/wp-content\/uploads\/2018\/05\/150-X.jpg\" alt=\"\" \/>\n\t\t<\/a>\n\t\t\t<\/div>\n\t\t<div class=\"logo-title\">Phoenix Contact Wielkopolska Sp. z o.o. Oddzia\u0142 Tarnobrzeg<\/div>\n\t<\/div><div class=\"wpls-logo-cnt\">\n\t<div class=\"wpls-fix-box\">\n\t\t\t\t<a href=\"https:\/\/www.supind.com\/aftermarket\/ats.html\" target=\"_self\">\n\t\t\t<img class=\"wp-post-image\"  src=\"https:\/\/ikstarnobrzeg.pl\/wp-content\/uploads\/2019\/02\/ats-strona-e1549970675129.jpg\" alt=\"\" \/>\n\t\t<\/a>\n\t\t\t<\/div>\n\t\t<div class=\"logo-title\">Superior Industries Production Poland Sp. z o.o. ze Stalowej Woli<\/div>\n\t<\/div><div class=\"wpls-logo-cnt\">\n\t<div class=\"wpls-fix-box\">\n\t\t\t\t<a href=\"http:\/\/autorak.eu\/index.php?page=kontakt\" target=\"_self\">\n\t\t\t<img class=\"wp-post-image\"  src=\"https:\/\/ikstarnobrzeg.pl\/wp-content\/uploads\/2018\/10\/logo-Mr\u00f3wka-haslol-e1566751634531.jpg\" alt=\"\" \/>\n\t\t<\/a>\n\t\t\t<\/div>\n\t\t<div class=\"logo-title\">P.H.U. Autorak Arkadiusz Rak          PSB Mr\u00f3wka w Tarnobrzegu<\/div>\n\t<\/div><div class=\"wpls-logo-cnt\">\n\t<div class=\"wpls-fix-box\">\n\t\t\t\t<a href=\"http:\/\/www.dnplus.pl\" target=\"_self\">\n\t\t\t<img class=\"wp-post-image\"  src=\"https:\/\/ikstarnobrzeg.pl\/wp-content\/uploads\/2018\/07\/logo-e1534323657201.jpg\" alt=\"\" \/>\n\t\t<\/a>\n\t\t\t<\/div>\n\t\t<div class=\"logo-title\">Drukarnia Nadwi\u015bla\u0144ska Plus A. H\u0119drzak, M. S\u0142awek s.c. w Tarnobrzegu<\/div>\n\t<\/div><div class=\"wpls-logo-cnt\">\n\t<div class=\"wpls-fix-box\">\n\t\t\t\t<a href=\"http:\/\/www.zchsiarkopol.pl\" target=\"_self\">\n\t\t\t<img class=\"wp-post-image\"  src=\"https:\/\/ikstarnobrzeg.pl\/wp-content\/uploads\/2018\/05\/siarkopol-e1534094548789.jpg\" alt=\"\" \/>\n\t\t<\/a>\n\t\t\t<\/div>\n\t\t<div class=\"logo-title\">Zak\u0142ady Chemiczne Siarkopol Tarnobrzeg Sp. z o. o. ul. Chemiczna 3, 39-400 Tarnobrzeg<\/div>\n\t<\/div><div class=\"wpls-logo-cnt\">\n\t<div class=\"wpls-fix-box\">\n\t\t\t\t<a href=\"https:\/\/hotelevva.pl\" target=\"_self\">\n\t\t\t<img class=\"wp-post-image\"  src=\"https:\/\/ikstarnobrzeg.pl\/wp-content\/uploads\/2019\/08\/evva-logo-01-e1566752837863.jpg\" alt=\"\" \/>\n\t\t<\/a>\n\t\t\t<\/div>\n\t\t<div class=\"logo-title\">Hotel Evva w Tarnobrzegu<\/div>\n\t<\/div><div class=\"wpls-logo-cnt\">\n\t<div class=\"wpls-fix-box\">\n\t\t\t\t<a href=\"http:\/\/www.sskonar.pl\/start.html\" target=\"_self\">\n\t\t\t<img class=\"wp-post-image\"  src=\"https:\/\/ikstarnobrzeg.pl\/wp-content\/uploads\/2018\/05\/konar.jpg\" alt=\"\" \/>\n\t\t<\/a>\n\t\t\t<\/div>\n\t\t<div class=\"logo-title\">Sp\u00f3\u0142dzielnia Socjalna KONAR w Tarnobrzegu<\/div>\n\t<\/div><div class=\"wpls-logo-cnt\">\n\t<div class=\"wpls-fix-box\">\n\t\t\t\t<a href=\"https:\/\/www.facebook.com\/pages\/biz\/tarnobrzeg\/Sklep-medyczno-rehabilitacyjny-Esculap-145940976024546\/\" target=\"_self\">\n\t\t\t<img class=\"wp-post-image\"  src=\"https:\/\/ikstarnobrzeg.pl\/wp-content\/uploads\/2018\/05\/esculap-logo1-e1534325293149.jpg\" alt=\"\" \/>\n\t\t<\/a>\n\t\t\t<\/div>\n\t\t<div class=\"logo-title\">Sklep Esculap Magdalena Bogdan Pelc i Wsp\u00f3lnicy<\/div>\n\t<\/div><div class=\"wpls-logo-cnt\">\n\t<div class=\"wpls-fix-box\">\n\t\t\t\t<a href=\"http:\/\/hotelkameleon.firany24.pl\/hotel\/\" target=\"_self\">\n\t\t\t<img class=\"wp-post-image\"  src=\"https:\/\/ikstarnobrzeg.pl\/wp-content\/uploads\/2018\/05\/HK3-200-e1684567077943.jpg\" alt=\"\" \/>\n\t\t<\/a>\n\t\t\t<\/div>\n\t\t<div class=\"logo-title\">Hotel Kameleon w Tarnobrzegu<\/div>\n\t<\/div><div class=\"wpls-logo-cnt\">\n\t<div class=\"wpls-fix-box\">\n\t\t\t\t<a href=\"http:\/\/www.goldengrupa.com\" target=\"_self\">\n\t\t\t<img class=\"wp-post-image\"  src=\"https:\/\/ikstarnobrzeg.pl\/wp-content\/uploads\/2018\/05\/Goldn-LOGO-e1534324145367.jpg\" alt=\"\" \/>\n\t\t<\/a>\n\t\t\t<\/div>\n\t\t<div class=\"logo-title\">Centrum Reklamy Golden Global Grupa<\/div>\n\t<\/div><div class=\"wpls-logo-cnt\">\n\t<div class=\"wpls-fix-box\">\n\t\t\t\t<a href=\"http:\/\/nadwisla24.pl\" target=\"_self\">\n\t\t\t<img class=\"wp-post-image\"  src=\"https:\/\/ikstarnobrzeg.pl\/wp-content\/uploads\/2018\/07\/Logo_NW24.jpg\" alt=\"\" \/>\n\t\t<\/a>\n\t\t\t<\/div>\n\t\t<div class=\"logo-title\">Portal informacyjny NadWis\u0142\u010524.pl<\/div>\n\t<\/div><div class=\"wpls-logo-cnt\">\n\t<div class=\"wpls-fix-box\">\n\t\t\t\t<a href=\"http:\/\/pttp.org.pl\" target=\"_self\">\n\t\t\t<img class=\"wp-post-image\"  src=\"https:\/\/ikstarnobrzeg.pl\/wp-content\/uploads\/2018\/07\/logo_bez_IPC-AAA-e1534325730135.jpg\" alt=\"\" \/>\n\t\t<\/a>\n\t\t\t<\/div>\n\t\t<div class=\"logo-title\">Para Table Tennis Poland<\/div>\n\t<\/div><div class=\"wpls-logo-cnt\">\n\t<div class=\"wpls-fix-box\">\n\t\t\t\t<a href=\"https:\/\/itvwisla.tv\" target=\"_self\">\n\t\t\t<img class=\"wp-post-image\"  src=\"https:\/\/ikstarnobrzeg.pl\/wp-content\/uploads\/2018\/07\/x-136.png\" alt=\"\" \/>\n\t\t<\/a>\n\t\t\t<\/div>\n\t\t<div class=\"logo-title\">iTV WIS\u0141A telewizja internetowa<\/div>\n\t<\/div><div class=\"wpls-logo-cnt\">\n\t<div class=\"wpls-fix-box\">\n\t\t\t\t<a href=\"http:\/\/www.leliwa.pl\" target=\"_self\">\n\t\t\t<img class=\"wp-post-image\"  src=\"https:\/\/ikstarnobrzeg.pl\/wp-content\/uploads\/2018\/07\/mini_7f568d1b2aba940c24036e333a0d0485-partnerzy_radioleliwa.jpg\" alt=\"\" \/>\n\t\t<\/a>\n\t\t\t<\/div>\n\t\t<div class=\"logo-title\">Radio Leliwa<\/div>\n\t<\/div><div class=\"wpls-logo-cnt\">\n\t<div class=\"wpls-fix-box\">\n\t\t\t\t<a href=\"http:\/\/tvl.tarnobrzeg.pl\" target=\"_self\">\n\t\t\t<img class=\"wp-post-image\"  src=\"https:\/\/ikstarnobrzeg.pl\/wp-content\/uploads\/2018\/07\/patronat_medialny_tvl_telewizja_lokalna.jpg\" alt=\"\" \/>\n\t\t<\/a>\n\t\t\t<\/div>\n\t\t<div class=\"logo-title\">TVL Telewizja Lokalna<\/div>\n\t<\/div><div class=\"wpls-logo-cnt\">\n\t<div class=\"wpls-fix-box\">\n\t\t\t\t<a href=\"http:\/\/www.echodnia.eu\/podkarpackie\/wiadomosci\/tarnobrzeg\/\" target=\"_self\">\n\t\t\t<img class=\"wp-post-image\"  src=\"https:\/\/ikstarnobrzeg.pl\/wp-content\/uploads\/2018\/07\/mini_3760145052a3d74b236c0a56eb27b8aa-partnerzy_echo-e1534323837804.jpg\" alt=\"\" \/>\n\t\t<\/a>\n\t\t\t<\/div>\n\t\t<div class=\"logo-title\">Echo Dnia<\/div>\n\t<\/div><div class=\"wpls-logo-cnt\">\n\t<div class=\"wpls-fix-box\">\n\t\t\t\t<a href=\"http:\/\/www.tarnobrzeg.info\" target=\"_self\">\n\t\t\t<img class=\"wp-post-image\"  src=\"https:\/\/ikstarnobrzeg.pl\/wp-content\/uploads\/2018\/07\/mini_72bc38e50722a16709f612973658fe69-partnerzy_tinfo.png\" alt=\"\" \/>\n\t\t<\/a>\n\t\t\t<\/div>\n\t\t<div class=\"logo-title\">Tarnobrzeg.info i kropka<\/div>\n\t<\/div><div class=\"wpls-logo-cnt\">\n\t<div class=\"wpls-fix-box\">\n\t\t\t\t<a href=\"https:\/\/www.radio.rzeszow.pl\/#ajx\/\" target=\"_self\">\n\t\t\t<img class=\"wp-post-image\"  src=\"https:\/\/ikstarnobrzeg.pl\/wp-content\/uploads\/2018\/07\/logo-RRPoziom_z_t\u0142em_kolor-CDR-e1534323737796.jpg\" alt=\"\" \/>\n\t\t<\/a>\n\t\t\t<\/div>\n\t\t<div class=\"logo-title\">Radio Rzesz\u00f3w<\/div>\n\t<\/div><div class=\"wpls-logo-cnt\">\n\t<div class=\"wpls-fix-box\">\n\t\t\t\t<a href=\"http:\/\/alts.tarnobrzeg.pl\" target=\"_self\">\n\t\t\t<img class=\"wp-post-image\"  src=\"https:\/\/ikstarnobrzeg.pl\/wp-content\/uploads\/2018\/08\/ALTS-logo.jpg\" alt=\"\" \/>\n\t\t<\/a>\n\t\t\t<\/div>\n\t\t<div class=\"logo-title\">Amatorska Liga Tenisa Sto\u0142owego w Tarnobrzegu<\/div>\n\t<\/div><div class=\"wpls-logo-cnt\">\n\t<div class=\"wpls-fix-box\">\n\t\t\t\t<a href=\"http:\/\/www.ipttc.org\" target=\"_self\">\n\t\t\t<img class=\"wp-post-image\"  src=\"https:\/\/ikstarnobrzeg.pl\/wp-content\/uploads\/2018\/08\/ITTFPara-1-1.jpg\" alt=\"\" \/>\n\t\t<\/a>\n\t\t\t<\/div>\n\t\t<div class=\"logo-title\">ITTF Para Table Tennis<\/div>\n\t<\/div><div class=\"wpls-logo-cnt\">\n\t<div class=\"wpls-fix-box\">\n\t\t\t\t<a href=\"https:\/\/tsse.arp.pl\" target=\"_self\">\n\t\t\t<img class=\"wp-post-image\"  src=\"https:\/\/ikstarnobrzeg.pl\/wp-content\/uploads\/2022\/07\/Logo_jubileuszowe-25-lat-wislosan-KOLOR-1.jpg\" alt=\"\" \/>\n\t\t<\/a>\n\t\t\t<\/div>\n\t\t<div class=\"logo-title\">Agencja Rozwoju Przemys\u0142u S.A. w Warszawie Oddzia\u0142 w Tarnobrzegu<\/div>\n\t<\/div><div class=\"wpls-logo-cnt\">\n\t<div class=\"wpls-fix-box\">\n\t\t\t\t<a href=\"https:\/\/mosir.tarnobrzeg.pl\" target=\"_self\">\n\t\t\t<img class=\"wp-post-image\"  src=\"https:\/\/ikstarnobrzeg.pl\/wp-content\/uploads\/2024\/10\/mosir-x-50.jpg\" alt=\"\" \/>\n\t\t<\/a>\n\t\t\t<\/div>\n\t\t<div class=\"logo-title\">Miejski O\u015brodek Sportu i Rekreacji im. Alfreda Freyera<\/div>\n\t<\/div>\t\t\t<\/div>\n\t\t<\/div>\n\n\t\t\n","protected":false},"excerpt":{"rendered":"","protected":false},"author":1,"featured_media":0,"parent":0,"menu_order":47,"comment_status":"closed","ping_status":"closed","template":"","meta":{"footnotes":""},"class_list":["post-82","page","type-page","status-publish"],"_links":{"self":[{"href":"https:\/\/ikstarnobrzeg.pl\/index.php\/wp-json\/wp\/v2\/pages\/82","targetHints":{"allow":["GET"]}}],"collection":[{"href":"https:\/\/ikstarnobrzeg.pl\/index.php\/wp-json\/wp\/v2\/pages"}],"about":[{"href":"https:\/\/ikstarnobrzeg.pl\/index.php\/wp-json\/wp\/v2\/types\/page"}],"author":[{"embeddable":true,"href":"https:\/\/ikstarnobrzeg.pl\/index.php\/wp-json\/wp\/v2\/users\/1"}],"replies":[{"embeddable":true,"href":"https:\/\/ikstarnobrzeg.pl\/index.php\/wp-json\/wp\/v2\/comments?post=82"}],"version-history":[{"count":3,"href":"https:\/\/ikstarnobrzeg.pl\/index.php\/wp-json\/wp\/v2\/pages\/82\/revisions"}],"predecessor-version":[{"id":30660,"href":"https:\/\/ikstarnobrzeg.pl\/index.php\/wp-json\/wp\/v2\/pages\/82\/revisions\/30660"}],"wp:attachment":[{"href":"https:\/\/ikstarnobrzeg.pl\/index.php\/wp-json\/wp\/v2\/media?parent=82"}],"curies":[{"name":"wp","href":"https:\/\/api.w.org\/{rel}","templated":true}]}}