{"id":76,"date":"2018-02-02T14:29:12","date_gmt":"2018-02-02T13:29:12","guid":{"rendered":"http:\/\/ikstarnobrzeg.pl\/?page_id=76"},"modified":"2019-02-12T07:10:03","modified_gmt":"2019-02-12T06:10:03","slug":"sponsorzy","status":"publish","type":"page","link":"https:\/\/ikstarnobrzeg.pl\/index.php\/sponsorzy\/","title":{"rendered":"Partnerzy"},"content":{"rendered":"\n\t\t<style>\n\t\t\t#wpls-logo-showcase-slider-1 .wpls-fix-box,\n\t\t\t#wpls-logo-showcase-slider-1 .wpls-fix-box img.wp-post-image{max-height:250px; }\n\t\t<\/style>\n\n\t\t<div class=\"wpls-wrap wpls-logo-showcase-slider-wrp wpls-logo-clearfix wpls-design-1 \" data-conf=\"{&quot;slides_column&quot;:4,&quot;slides_scroll&quot;:1,&quot;dots&quot;:&quot;true&quot;,&quot;arrows&quot;:&quot;true&quot;,&quot;autoplay&quot;:&quot;true&quot;,&quot;autoplay_interval&quot;:3000,&quot;loop&quot;:&quot;true&quot;,&quot;rtl&quot;:&quot;false&quot;,&quot;speed&quot;:800,&quot;center_mode&quot;:&quot;false&quot;,&quot;lazyload&quot;:&quot;&quot;}\">\n\t\t\t<div class=\"wpls-logo-showcase logo_showcase wpls-logo-slider  sliderimage_hide_border \" id=\"wpls-logo-showcase-slider-1\" >\n\t\t\t\t<div class=\"wpls-logo-cnt\">\n\t<div class=\"wpls-fix-box\">\n\t\t\t\t<a href=\"http:\/\/pzsnstart.eu\" target=\"_self\">\n\t\t\t<img class=\"wp-post-image\"  src=\"https:\/\/ikstarnobrzeg.pl\/wp-content\/uploads\/2018\/05\/PZSN-Start-Logo-200-x.jpg\" alt=\"\" \/>\n\t\t<\/a>\n\t\t\t<\/div>\n\t\t<div class=\"logo-title\">Polski Zwi\u0105zek Sportu Niepe\u0142nosprawnych &#8222;Start&#8221;<\/div>\n\t<\/div><div class=\"wpls-logo-cnt\">\n\t<div class=\"wpls-fix-box\">\n\t\t\t\t<a href=\"https:\/\/fenixmetals.com\/pl\/o-nas\/\" target=\"_self\">\n\t\t\t<img class=\"wp-post-image\"  src=\"https:\/\/ikstarnobrzeg.pl\/wp-content\/uploads\/2019\/02\/Fenix_Logo_Horizontal_RGB-pozioma-1-e1551110103749.jpg\" alt=\"\" \/>\n\t\t<\/a>\n\t\t\t<\/div>\n\t\t<div class=\"logo-title\">Fenix Metals Sp. z o. o. w Tarnobrzegu<\/div>\n\t<\/div><div class=\"wpls-logo-cnt\">\n\t<div class=\"wpls-fix-box\">\n\t\t\t\t<a href=\"https:\/\/agasport.eu\" target=\"_self\">\n\t\t\t<img class=\"wp-post-image\"  src=\"https:\/\/ikstarnobrzeg.pl\/wp-content\/uploads\/2018\/05\/Aga-Sport-3572-x-1440.jpg\" alt=\"\" \/>\n\t\t<\/a>\n\t\t\t<\/div>\n\t\t<div class=\"logo-title\">Aga Sport Bo\u017cena Waldowska &#8211; sprz\u0119t do tenisa sto\u0142owego<\/div>\n\t<\/div><div class=\"wpls-logo-cnt\">\n\t<div class=\"wpls-fix-box\">\n\t\t\t\t<a href=\"http:\/\/www.tarnobrzeg.pl\" target=\"_self\">\n\t\t\t<img class=\"wp-post-image\"  src=\"https:\/\/ikstarnobrzeg.pl\/wp-content\/uploads\/2018\/05\/UM_Tarnobrzeg.jpg\" alt=\"\" \/>\n\t\t<\/a>\n\t\t\t<\/div>\n\t\t<div class=\"logo-title\">Urz\u0105d Miasta Tarnobrzeg<\/div>\n\t<\/div><div class=\"wpls-logo-cnt\">\n\t<div class=\"wpls-fix-box\">\n\t\t\t\t<a href=\"https:\/\/www.gov.pl\/web\/kulturaisport\" target=\"_self\">\n\t\t\t<img class=\"wp-post-image\"  src=\"https:\/\/ikstarnobrzeg.pl\/wp-content\/uploads\/2018\/05\/ministerstwo.jpg\" alt=\"\" \/>\n\t\t<\/a>\n\t\t\t<\/div>\n\t\t<div class=\"logo-title\">Ministerstwo Sportu i Turystyki<\/div>\n\t<\/div><div class=\"wpls-logo-cnt\">\n\t<div class=\"wpls-fix-box\">\n\t\t\t\t<a href=\"https:\/\/www.podkarpackie.pl\" target=\"_self\">\n\t\t\t<img class=\"wp-post-image\"  src=\"https:\/\/ikstarnobrzeg.pl\/wp-content\/uploads\/2018\/05\/podkarpackie-forma-podstawowa-z-haslem.jpg\" alt=\"\" \/>\n\t\t<\/a>\n\t\t\t<\/div>\n\t\t<div class=\"logo-title\">Wojew\u00f3dztwo Podkarpackie &#8222;Podkarpackie przestrze\u0144 otwarta&#8221;<\/div>\n\t<\/div><div class=\"wpls-logo-cnt\">\n\t<div class=\"wpls-fix-box\">\n\t\t\t\t<a href=\"http:\/\/www.zsp1.tarnobrzeg.pl\" target=\"_self\">\n\t\t\t<img class=\"wp-post-image\"  src=\"https:\/\/ikstarnobrzeg.pl\/wp-content\/uploads\/2018\/05\/ZS-nr1-Logo-3.png\" alt=\"\" \/>\n\t\t<\/a>\n\t\t\t<\/div>\n\t\t<div class=\"logo-title\">Zespo\u0142u Szk\u00f3\u0142 nr 1 w Tarnobrzegu &#8211; treningi &#8211; hala sportowa<\/div>\n\t<\/div><div class=\"wpls-logo-cnt\">\n\t<div class=\"wpls-fix-box\">\n\t\t\t\t<a href=\"http:\/\/paralympic.org.pl\" target=\"_self\">\n\t\t\t<img class=\"wp-post-image\"  src=\"https:\/\/ikstarnobrzeg.pl\/wp-content\/uploads\/2018\/05\/logo-pkpar-200-x.jpg\" alt=\"\" \/>\n\t\t<\/a>\n\t\t\t<\/div>\n\t\t<div class=\"logo-title\">Polski Komitet Paralimpijski<\/div>\n\t<\/div><div class=\"wpls-logo-cnt\">\n\t<div class=\"wpls-fix-box\">\n\t\t\t\t<a href=\"http:\/\/pozts.pl\" target=\"_self\">\n\t\t\t<img class=\"wp-post-image\"  src=\"https:\/\/ikstarnobrzeg.pl\/wp-content\/uploads\/2018\/07\/pozts-logo.jpg\" alt=\"\" \/>\n\t\t<\/a>\n\t\t\t<\/div>\n\t\t<div class=\"logo-title\">Podkarpacki Okr\u0119gowy Zwi\u0105zek Tenisa Sto\u0142owego<\/div>\n\t<\/div><div class=\"wpls-logo-cnt\">\n\t<div class=\"wpls-fix-box\">\n\t\t\t\t<a href=\"http:\/\/www.pzts.pl\" target=\"_self\">\n\t\t\t<img class=\"wp-post-image\"  src=\"https:\/\/ikstarnobrzeg.pl\/wp-content\/uploads\/2018\/07\/PZTS-33.jpg\" alt=\"\" \/>\n\t\t<\/a>\n\t\t\t<\/div>\n\t\t<div class=\"logo-title\">Polski Zwi\u0105zek Tenisa Sto\u0142owego<\/div>\n\t<\/div><div class=\"wpls-logo-cnt\">\n\t<div class=\"wpls-fix-box\">\n\t\t\t\t<a href=\"https:\/\/www.facebook.com\/HurtowniaMaximaSport\/\" target=\"_self\">\n\t\t\t<img class=\"wp-post-image\"  src=\"https:\/\/ikstarnobrzeg.pl\/wp-content\/uploads\/2022\/10\/1ksport-278-X-56.jpg\" alt=\"\" \/>\n\t\t<\/a>\n\t\t\t<\/div>\n\t\t<div class=\"logo-title\">MAXIMA-SPORT Krzysztof Kie\u0142b Zabrze, Plac Wolno\u015bci 6<\/div>\n\t<\/div><div class=\"wpls-logo-cnt\">\n\t<div class=\"wpls-fix-box\">\n\t\t\t\t<a href=\"https:\/\/medorto.pl\/pl_PL\/\" target=\"_self\">\n\t\t\t<img class=\"wp-post-image\"  src=\"https:\/\/ikstarnobrzeg.pl\/wp-content\/uploads\/2023\/08\/MedOrto-e1693302293702.jpg\" alt=\"\" \/>\n\t\t<\/a>\n\t\t\t<\/div>\n\t\t<div class=\"logo-title\">Medorto &#8211; sie\u0107 sklep\u00f3w medycznych Tarnobrzeg<\/div>\n\t<\/div><div class=\"wpls-logo-cnt\">\n\t<div class=\"wpls-fix-box\">\n\t\t\t\t<a href=\"https:\/\/kamuko.pl\/index.html#oferta\" target=\"_self\">\n\t\t\t<img class=\"wp-post-image\"  src=\"https:\/\/ikstarnobrzeg.pl\/wp-content\/uploads\/2023\/08\/Kamuko-1-e1693379299547.jpg\" alt=\"\" \/>\n\t\t<\/a>\n\t\t\t<\/div>\n\t\t<div class=\"logo-title\">KAMUKO Sp. z o. o. z Leszna &#8211; samochody dla os\u00f3b niepe\u0142nosprawnych<\/div>\n\t<\/div><div class=\"wpls-logo-cnt\">\n\t<div class=\"wpls-fix-box\">\n\t\t\t\t<a href=\"https:\/\/panoramafirm.pl\/zachodniopomorskie,,koszalin,ruszczyca,14k_lok._1a\/dystrybucja_elektronarzedzi_profesjonalnych_iwona_matejek-ahgnoj_i.html\" target=\"_self\">\n\t\t\t<img class=\"wp-post-image\"  src=\"https:\/\/ikstarnobrzeg.pl\/wp-content\/uploads\/2023\/08\/LOGO-MAKITA_BEZ-APLI_CZARNE_CZERWONE-2-1.jpg\" alt=\"\" \/>\n\t\t<\/a>\n\t\t\t<\/div>\n\t\t<div class=\"logo-title\">MAKITA Dystrybucja elektronarz\u0119dzi profesjonalnych Iwona Matejek<\/div>\n\t<\/div>\t\t\t<\/div>\n\t\t<\/div>\n\n\t\t\n","protected":false},"excerpt":{"rendered":"","protected":false},"author":1,"featured_media":0,"parent":0,"menu_order":19,"comment_status":"closed","ping_status":"closed","template":"","meta":{"footnotes":""},"class_list":["post-76","page","type-page","status-publish"],"_links":{"self":[{"href":"https:\/\/ikstarnobrzeg.pl\/index.php\/wp-json\/wp\/v2\/pages\/76","targetHints":{"allow":["GET"]}}],"collection":[{"href":"https:\/\/ikstarnobrzeg.pl\/index.php\/wp-json\/wp\/v2\/pages"}],"about":[{"href":"https:\/\/ikstarnobrzeg.pl\/index.php\/wp-json\/wp\/v2\/types\/page"}],"author":[{"embeddable":true,"href":"https:\/\/ikstarnobrzeg.pl\/index.php\/wp-json\/wp\/v2\/users\/1"}],"replies":[{"embeddable":true,"href":"https:\/\/ikstarnobrzeg.pl\/index.php\/wp-json\/wp\/v2\/comments?post=76"}],"version-history":[{"count":4,"href":"https:\/\/ikstarnobrzeg.pl\/index.php\/wp-json\/wp\/v2\/pages\/76\/revisions"}],"predecessor-version":[{"id":30661,"href":"https:\/\/ikstarnobrzeg.pl\/index.php\/wp-json\/wp\/v2\/pages\/76\/revisions\/30661"}],"wp:attachment":[{"href":"https:\/\/ikstarnobrzeg.pl\/index.php\/wp-json\/wp\/v2\/media?parent=76"}],"curies":[{"name":"wp","href":"https:\/\/api.w.org\/{rel}","templated":true}]}}