{"id":62,"date":"2018-02-02T14:26:26","date_gmt":"2018-02-02T13:26:26","guid":{"rendered":"http:\/\/ikstarnobrzeg.pl\/?page_id=62"},"modified":"2018-07-17T10:42:17","modified_gmt":"2018-07-17T08:42:17","slug":"wolontariusze","status":"publish","type":"page","link":"https:\/\/ikstarnobrzeg.pl\/index.php\/wolontariusze\/","title":{"rendered":"Wolontariusze"},"content":{"rendered":"<div class=\"wpb-content-wrapper\"><p>[vc_row][vc_column]<div class=\"gem-team row inline-row gem-team-style-1\" >\n<div class=\"col-md-4 col-sm-6 col-xs-12 inline-column\"> <div id=\"post-23918\" class=\"team-person centered-box default-background post-23918 thegem_team_person type-thegem_team_person status-publish has-post-thumbnail\" style=\" \"> <div class=\"team-person-image\"><img width=\"240\" height=\"240\" src=\"https:\/\/ikstarnobrzeg.pl\/wp-content\/uploads\/2018\/06\/S.-SKRZ\u0118TA-2-thegem-person-240.jpg\" class=\"img-responsive wp-post-image\" alt=\"S. SKRZ\u0118TA 2\" srcset=\"https:\/\/ikstarnobrzeg.pl\/wp-content\/uploads\/2018\/06\/S.-SKRZ\u0118TA-2-thegem-person.jpg 2x\" sizes=\"100vw\" \/><\/div> <div class=\"team-person-info\"> <div class=\"team-person-name title-h4\" >S\u0142awomir Skrz\u0119ta<\/div> <\/div> <\/div>\n<\/div> <div class=\"col-md-4 col-sm-6 col-xs-12 inline-column\"> <div id=\"post-23984\" class=\"team-person centered-box default-background post-23984 thegem_team_person type-thegem_team_person status-publish has-post-thumbnail\" style=\" \"> <div class=\"team-person-image\"><img width=\"240\" height=\"240\" src=\"https:\/\/ikstarnobrzeg.pl\/wp-content\/uploads\/2018\/06\/J.SZYPU\u0141A-1-thegem-person-240.jpg\" class=\"img-responsive wp-post-image\" alt=\"J.SZYPU\u0141A 1\" srcset=\"https:\/\/ikstarnobrzeg.pl\/wp-content\/uploads\/2018\/06\/J.SZYPU\u0141A-1-thegem-person.jpg 2x\" sizes=\"100vw\" \/><\/div> <div class=\"team-person-info\"> <div class=\"team-person-name title-h4\" >Janusz Szypu\u0142a<\/div> <\/div> <\/div>\n<\/div> <div class=\"col-md-4 col-sm-6 col-xs-12 inline-column\"> <div id=\"post-37073\" class=\"team-person centered-box default-background post-37073 thegem_team_person type-thegem_team_person status-publish has-post-thumbnail\" style=\" \"> <div class=\"team-person-image\"><img width=\"240\" height=\"240\" src=\"https:\/\/ikstarnobrzeg.pl\/wp-content\/uploads\/2023\/08\/120840970_3717702738261401_8119427704895792396_n-thegem-person-240.jpg\" class=\"img-responsive wp-post-image\" alt=\"120840970_3717702738261401_8119427704895792396_n\" srcset=\"https:\/\/ikstarnobrzeg.pl\/wp-content\/uploads\/2023\/08\/120840970_3717702738261401_8119427704895792396_n-thegem-person.jpg 2x\" sizes=\"100vw\" \/><\/div> <div class=\"team-person-info\"> <div class=\"team-person-name title-h4\" >Rados\u0142aw Jagie\u0142\u0142o<\/div> <\/div> <\/div>\n<\/div> <div class=\"col-md-4 col-sm-6 col-xs-12 inline-column\"> <div id=\"post-23922\" class=\"team-person centered-box default-background post-23922 thegem_team_person type-thegem_team_person status-publish has-post-thumbnail\" style=\" \"> <div class=\"team-person-image\"><img width=\"240\" height=\"240\" src=\"https:\/\/ikstarnobrzeg.pl\/wp-content\/uploads\/2018\/06\/M.-R\u00d3G-1-1-thegem-person-240.jpg\" class=\"img-responsive wp-post-image\" alt=\"M. R\u00d3G 1\" srcset=\"https:\/\/ikstarnobrzeg.pl\/wp-content\/uploads\/2018\/06\/M.-R\u00d3G-1-1-thegem-person.jpg 2x\" sizes=\"100vw\" \/><\/div> <div class=\"team-person-info\"> <div class=\"team-person-name title-h4\" >Marcin R\u00f3g<\/div> <\/div> <\/div>\n<\/div> <div class=\"col-md-4 col-sm-6 col-xs-12 inline-column\"> <div id=\"post-23920\" class=\"team-person centered-box default-background post-23920 thegem_team_person type-thegem_team_person status-publish has-post-thumbnail\" style=\" \"> <div class=\"team-person-image\"><img width=\"240\" height=\"240\" src=\"https:\/\/ikstarnobrzeg.pl\/wp-content\/uploads\/2018\/06\/SZ.-KWIATKOWSKI-1-2-thegem-person-240.jpg\" class=\"img-responsive wp-post-image\" alt=\"SZ. KWIATKOWSKI 1\" srcset=\"https:\/\/ikstarnobrzeg.pl\/wp-content\/uploads\/2018\/06\/SZ.-KWIATKOWSKI-1-2-thegem-person.jpg 2x\" sizes=\"100vw\" \/><\/div> <div class=\"team-person-info\"> <div class=\"team-person-name title-h4\" >Szymon Kwiatkowski<\/div> <\/div> <\/div>\n<\/div> <div class=\"col-md-4 col-sm-6 col-xs-12 inline-column\"> <div id=\"post-23912\" class=\"team-person centered-box default-background post-23912 thegem_team_person type-thegem_team_person status-publish has-post-thumbnail\" style=\" \"> <div class=\"team-person-image\"><img width=\"240\" height=\"240\" src=\"https:\/\/ikstarnobrzeg.pl\/wp-content\/uploads\/2018\/06\/J.-BIELAK-1-thegem-person-240.jpg\" class=\"img-responsive wp-post-image\" alt=\"J. BIELAK 1\" srcset=\"https:\/\/ikstarnobrzeg.pl\/wp-content\/uploads\/2018\/06\/J.-BIELAK-1-thegem-person.jpg 2x\" sizes=\"100vw\" \/><\/div> <div class=\"team-person-info\"> <div class=\"team-person-name title-h4\" >Jaros\u0142aw Bielak<\/div> <\/div> <\/div>\n<\/div>\n<\/div>[\/vc_column][\/vc_row]<\/p>\n<\/div>","protected":false},"excerpt":{"rendered":"<p>[vc_row][vc_column][\/vc_column][\/vc_row]<\/p>\n","protected":false},"author":1,"featured_media":0,"parent":0,"menu_order":46,"comment_status":"closed","ping_status":"closed","template":"","meta":{"footnotes":""},"class_list":["post-62","page","type-page","status-publish"],"_links":{"self":[{"href":"https:\/\/ikstarnobrzeg.pl\/index.php\/wp-json\/wp\/v2\/pages\/62","targetHints":{"allow":["GET"]}}],"collection":[{"href":"https:\/\/ikstarnobrzeg.pl\/index.php\/wp-json\/wp\/v2\/pages"}],"about":[{"href":"https:\/\/ikstarnobrzeg.pl\/index.php\/wp-json\/wp\/v2\/types\/page"}],"author":[{"embeddable":true,"href":"https:\/\/ikstarnobrzeg.pl\/index.php\/wp-json\/wp\/v2\/users\/1"}],"replies":[{"embeddable":true,"href":"https:\/\/ikstarnobrzeg.pl\/index.php\/wp-json\/wp\/v2\/comments?post=62"}],"version-history":[{"count":3,"href":"https:\/\/ikstarnobrzeg.pl\/index.php\/wp-json\/wp\/v2\/pages\/62\/revisions"}],"predecessor-version":[{"id":24012,"href":"https:\/\/ikstarnobrzeg.pl\/index.php\/wp-json\/wp\/v2\/pages\/62\/revisions\/24012"}],"wp:attachment":[{"href":"https:\/\/ikstarnobrzeg.pl\/index.php\/wp-json\/wp\/v2\/media?parent=62"}],"curies":[{"name":"wp","href":"https:\/\/api.w.org\/{rel}","templated":true}]}}