{"id":60,"date":"2018-02-02T14:26:08","date_gmt":"2018-02-02T13:26:08","guid":{"rendered":"http:\/\/ikstarnobrzeg.pl\/?page_id=60"},"modified":"2025-11-16T12:20:13","modified_gmt":"2025-11-16T11:20:13","slug":"trenerzy","status":"publish","type":"page","link":"https:\/\/ikstarnobrzeg.pl\/index.php\/trenerzy\/","title":{"rendered":"Trenerzy"},"content":{"rendered":"<div class=\"wpb-content-wrapper\"><p>[vc_row][vc_column]<div class=\"gem-team row inline-row gem-team-style-1\" >\n<div class=\"col-md-4 col-sm-6 col-xs-12 inline-column\"> <div id=\"post-35335\" class=\"team-person centered-box default-background post-35335 thegem_team_person type-thegem_team_person status-publish has-post-thumbnail\" style=\" \"> <div class=\"team-person-image\"><span><img width=\"240\" height=\"240\" src=\"https:\/\/ikstarnobrzeg.pl\/wp-content\/uploads\/2021\/11\/trener1-1-thegem-person-240.jpg\" class=\"img-responsive wp-post-image\" alt=\"trener1\" srcset=\"https:\/\/ikstarnobrzeg.pl\/wp-content\/uploads\/2021\/11\/trener1-1-thegem-person.jpg 2x\" sizes=\"100vw\" \/><\/span><\/div> <div class=\"team-person-info\"> <div class=\"team-person-name title-h4\" >PAWE\u0141 MATYSIAK<\/div> <\/div> <a class=\"team-person-link\" href=\"#pawel-matysiak\" target=\"_self\"><\/a>\t<\/div>\n<\/div> <div class=\"col-md-4 col-sm-6 col-xs-12 inline-column\"> <div id=\"post-24297\" class=\"team-person centered-box default-background post-24297 thegem_team_person type-thegem_team_person status-publish has-post-thumbnail\" style=\" \"> <div class=\"team-person-image\"><span><img width=\"240\" height=\"240\" src=\"https:\/\/ikstarnobrzeg.pl\/wp-content\/uploads\/2023\/12\/F-K-1-thegem-person-240.jpg\" class=\"img-responsive wp-post-image\" alt=\"F K 1\" srcset=\"https:\/\/ikstarnobrzeg.pl\/wp-content\/uploads\/2023\/12\/F-K-1-thegem-person.jpg 2x\" sizes=\"100vw\" \/><\/span><\/div> <div class=\"team-person-info\"> <div class=\"team-person-name title-h4\" >Feliks Kordy\u015b<\/div> <\/div> <a class=\"team-person-link\" href=\"#feliks-kordys\" target=\"_self\"><\/a>\t<\/div>\n<\/div> <div class=\"col-md-4 col-sm-6 col-xs-12 inline-column\"> <div id=\"post-31912\" class=\"team-person centered-box default-background post-31912 thegem_team_person type-thegem_team_person status-publish has-post-thumbnail\" style=\" \"> <div class=\"team-person-image\"><span><img width=\"240\" height=\"240\" src=\"https:\/\/ikstarnobrzeg.pl\/wp-content\/uploads\/2018\/11\/RADEK-2-thegem-person-240.jpg\" class=\"img-responsive wp-post-image\" alt=\"RADEK\" srcset=\"https:\/\/ikstarnobrzeg.pl\/wp-content\/uploads\/2018\/11\/RADEK-2-thegem-person.jpg 2x\" sizes=\"100vw\" \/><\/span><\/div> <div class=\"team-person-info\"> <div class=\"team-person-name title-h4\" >Rados\u0142aw Po\u015bwiatowski<\/div> <\/div> <a class=\"team-person-link\" href=\"#radoslaw-poswiatowski\" target=\"_self\"><\/a>\t<\/div>\n<\/div> <div class=\"col-md-4 col-sm-6 col-xs-12 inline-column\"> <div id=\"post-23906\" class=\"team-person centered-box default-background post-23906 thegem_team_person type-thegem_team_person status-publish has-post-thumbnail\" style=\" \"> <div class=\"team-person-image\"><span><img width=\"240\" height=\"240\" src=\"https:\/\/ikstarnobrzeg.pl\/wp-content\/uploads\/2018\/06\/lachor-1-thegem-person-240.jpg\" class=\"img-responsive wp-post-image\" alt=\"lachor 1\" srcset=\"https:\/\/ikstarnobrzeg.pl\/wp-content\/uploads\/2018\/06\/lachor-1-thegem-person.jpg 2x\" sizes=\"100vw\" \/><\/span><\/div> <div class=\"team-person-info\"> <div class=\"team-person-name title-h4\" >Jacek Lachor<\/div> <\/div> <a class=\"team-person-link\" href=\"#jacek-lachor\" target=\"_self\"><\/a>\t<\/div>\n<\/div>\n<\/div>[\/vc_column][\/vc_row][vc_section el_id=&#8221;hidden-section&#8221;][vc_row el_id=&#8221;jacek-lachor&#8221;][vc_column width=&#8221;1\/2&#8243;]<div class=\"centered-box gem-image-centered-box\" ><div class=\"gem-image gem-wrapbox gem-wrapbox-style-2 gem-wrapbox-position-centered  thegem-custom-69e2e74da68884698\"  style=\"width: 50%;height: 50%;\" ><div class=\"gem-wrapbox-inner \" ><img class=\"gem-wrapbox-element img-responsive\" src=\"https:\/\/ikstarnobrzeg.pl\/wp-content\/uploads\/2019\/04\/lachor.jpg\" alt=\"Jacek Lachor\"\/><\/div><\/div><\/div>[\/vc_column][vc_column width=&#8221;1\/2&#8243;][vc_column_text css=&#8221;&#8221;]<strong>JACEK LACHOR<br \/>\n<\/strong>Trener klubowy IKS-u<\/p>\n<p>W KLUBIE: od 2011 do 2021<\/p>\n<p>JAKO ZAWODNIK REPREZENTOWA\u0141: Siark\u0119 Tarnobrzeg, Alit O\u017car\u00f3w<\/p>\n<p>ZAINTERESOWANIA: Sport, podr\u00f3\u017ce, dobra ksi\u0105\u017cka, film, chodzenie po g\u00f3rach, zdobywanie szczyt\u00f3w g\u00f3rskich<\/p>\n<p>&nbsp;<\/p>\n<p><em><strong>OSI\u0104GNI\u0118CIA W PRACY TRENERSKIEJ 2011-2020:<\/strong><\/em><\/p>\n<p><strong>IGRZYSKA PARAOLIMPIJSKIE<\/strong><\/p>\n<p><strong><em>2012\u00a0\u00a0\u00a0\u00a0\u00a0 Igrzyska Paraolimpijskie Londyn<\/em><\/strong><br \/>\nKarolina P\u0119k \u2013 br\u0105zowy medal w turnieju dru\u017cynowym<\/p>\n<p><strong>MISTRZOSTWA \u015aWIATA<\/strong><\/p>\n<p><strong><em>2014\u00a0\u00a0\u00a0\u00a0\u00a0 Mistrzostwa \u015awiata \u2013 Chiny, Pekin<\/em><\/strong><br \/>\nKarolina P\u0119k \u2013 srebrny medal w turnieju dru\u017cynowym<\/p>\n<p><strong>MISTRZOSTWA EUROPY<\/strong><\/p>\n<p><em><strong>2013\u00a0\u00a0\u00a0\u00a0\u00a0 Mistrzostwa Europy \u2013 W\u0142ochy, Lignano<\/strong><\/em><br \/>\nKarolina P\u0119k \u2013 br\u0105zowy medal w turnieju dru\u017cynowym<\/p>\n<p><em><strong>2011\u00a0\u00a0\u00a0\u00a0\u00a0 Mistrzostwa Europy \u2013 Chorwacja, Split<\/strong><\/em><br \/>\nKarolina P\u0119k \u2013 srebrny medal w turnieju dru\u017cynowym<\/p>\n<p><strong>TURNIEJE MI\u0118DZYNARODOWE<\/strong><\/p>\n<p><em><strong>2007 \u2013 2014\u00a0 \u00a0 \u00a0 Pro-Tury mi\u0119dzynarodowe turnieje rankingowe<\/strong><\/em><\/p>\n<p><strong>DRU\u017bYNOWE MISTRZOSTWA POLSKI<\/strong><\/p>\n<p><em><strong>2019\u00a0 \u00a0 \u00a0Dru\u017cynowe Mistrzostwa Polski, Wis\u0142a<\/strong><\/em><br \/>\nMaciej Nalepka\/Krzysztof \u017by\u0142ka &#8211; z\u0142oty medal klasa 3-5 w\u00f3zki<br \/>\nPawe\u0142 W\u0142odyka\/Antoni Biedziuk &#8211;\u00a0srebrny medal klasa 10<br \/>\nPawe\u0142 Mazuryk\/Mariusz Matejek &#8211; br\u0105zowy medal klasa 9<br \/>\nJanusz Chamot\/Piotr Sokalski &#8211; br\u0105zowy medal klasa 3-5 w\u00f3zki<\/p>\n<p><strong><em>2018\u00a0 \u00a0 \u00a0Dru\u017cynowe Mistrzostwa Polski, Wis\u0142a<\/em><\/strong><br \/>\nMaciej Nalepka\/Krzysztof \u017by\u0142ka &#8211; z\u0142oty medal klasa 2-5 w\u00f3zki<br \/>\nPawe\u0142 Mazuryk\/Mariusz Matejek &#8211; srebrny medal klasa 9<br \/>\nPawe\u0142 W\u0142odyka\/Antoni Biedziuk &#8211; br\u0105zowy medal klasa 10<\/p>\n<p><strong><em>2016\u00a0\u00a0\u00a0\u00a0 Dru\u017cynowe Mistrzostwa Polski, Gda\u0144sk<\/em><\/strong><br \/>\nDru\u017cynowy Mistrz Polski \u2013 Maciej Nalepka, Karolina P\u0119k, Pawe\u0142 Mazuryk, Mariusz Matejek i Pawe\u0142 W\u0142odyka \u2013 trener Jacek Lachor<\/p>\n<p><em><strong>2015\u00a0\u00a0\u00a0\u00a0 Dru\u017cynowe Mistrzostwo Polski, Drzonk\u00f3w<\/strong><\/em><br \/>\nsrebrny medal \u2013 Krzysztof \u017by\u0142ka, Pawe\u0142 Mazuryk, Mariusz Matejek i Dawid Sowa \u2013 trener Jacek Lachor<\/p>\n<p><em><strong>2014\u00a0\u00a0\u00a0\u00a0 Dru\u017cynowe Mistrzostwa Polski, Drzonk\u00f3w<\/strong><\/em><br \/>\nsrebrny medal \u2013 Krzysztof \u017by\u0142ka, Karolina P\u0119k, Pawe\u0142 Mazuryk, Mariusz Matejek i Maciej Nalepka \u2013 trener Jacek Lachor<\/p>\n<p><em><strong>2013\u00a0\u00a0\u00a0\u00a0 Dru\u017cynowe Mistrzostwa Polski, Drzonk\u00f3w<\/strong><\/em><br \/>\nsrebrny medal \u2013 Krzysztof \u017by\u0142ka, Karolina P\u0119k, Pawe\u0142 Mazuryk, Mariusz Matejek i Maciej Nalepka \u2013 trener Jacek Lachor<\/p>\n<p><strong><em>2012\u00a0\u00a0\u00a0\u00a0 Dru\u017cynowe Mistrzostwa Polski, Radom<\/em><\/strong><br \/>\nbr\u0105zowy medal \u2013 Krzysztof \u017by\u0142ka, Karolina P\u0119k, Pawe\u0142 Mazuryk, Mariusz Matejek i Maciej Nalepka \u2013 trener Jacek Lachor<\/p>\n<p><em><strong>2011\u00a0\u00a0\u00a0\u00a0 Dru\u017cynowe Mistrzostwa Polski, Drzonk\u00f3w<\/strong><\/em><br \/>\nDru\u017cynowy Mistrz Polski \u2013 Krzysztof \u017by\u0142ka, Karolina P\u0119k, Maciej Nalepka i Marek Taczalski \u2013 trener Jacek Lachor<\/p>\n<p><strong>INDYWIDUALNE MISTRZOSTWA POLSKI<\/strong><\/p>\n<p><em><strong>2018\u00a0 \u00a0 \u00a0Indywidualne Mistrzostwa Polski, Zielona G\u00f3ra<\/strong><\/em><br \/>\n13 medali (2 z\u0142ote, 5 srebrnych i 6 br\u0105zowych)<\/p>\n<p><em><strong>2017\u00a0 \u00a0 \u00a0Indywidualne Mistrzostwa Polski, Gda\u0144sk<\/strong><\/em><br \/>\n15 medali (3 z\u0142ote, 3 srebrne i 9 br\u0105zowych)<\/p>\n<p><em><strong>2016\u00a0 \u00a0 \u00a0Indywidualne Mistrzostwa Polski, Gda\u0144sk<\/strong><\/em><br \/>\n19 medali (5 z\u0142ote, 3 srebrne i 11 br\u0105zowych)<\/p>\n<p><em><strong>2015\u00a0 \u00a0 \u00a0Indywidualne Mistrzostwa Polski, Gda\u0144sk<\/strong><\/em><br \/>\n9 medali (2 z\u0142ote, 2 srebrne i 5 br\u0105zowych)<\/p>\n<p><em><strong>2014\u00a0 \u00a0 \u00a0Indywidualne Mistrzostwa Polski, Pleszew<\/strong><\/em><br \/>\n9 medali (4 z\u0142ote i 5 br\u0105zowych)<\/p>\n<p><em><strong>2013\u00a0 \u00a0 \u00a0Indywidualne Mistrzostwa Polski,\u00a0Bielsko-Bia\u0142a<\/strong><\/em><br \/>\n7 medali (3 z\u0142ote, 2 srebrne i 2 br\u0105zowe)<\/p>\n<p><em><strong>2011\u00a0 \u00a0 \u00a0Indywidualne Mistrzostwa Polski, Cetniewo<\/strong><\/em><br \/>\n5 medali (3 srebrne i 2 br\u0105zowe)<\/p>\n<p><strong>DRU\u017bYNOWY i INDYWIDUALNY PUCHAR POLSKI<\/strong><\/p>\n<p><em><strong>2011\u00a0 \u00a0 \u00a0 Dru\u017cynowy i Indywidualny Puchar Polski, Radom<\/strong><\/em><br \/>\nz\u0142oty medal dru\u017cynowo i 2 z\u0142ote medale indywidualnie[\/vc_column_text][\/vc_column][\/vc_row][vc_row el_id=&#8221;feliks-kordys&#8221;][vc_column width=&#8221;1\/2&#8243;]<div class=\"centered-box gem-image-centered-box\" ><div class=\"gem-image gem-wrapbox gem-wrapbox-style-2 gem-wrapbox-position-centered  thegem-custom-69e2e74da6be3338\"  style=\"width: 40%;height: 40%;\" ><div class=\"gem-wrapbox-inner \" ><img class=\"gem-wrapbox-element img-responsive\" src=\"https:\/\/ikstarnobrzeg.pl\/wp-content\/uploads\/2023\/12\/F-K-1.jpg\" alt=\"Feliks Kordy\u015b\"\/><\/div><\/div><\/div><div class=\"centered-box gem-image-centered-box\" ><div class=\"gem-image gem-wrapbox gem-wrapbox-style-2 gem-wrapbox-position-centered  thegem-custom-69e2e74da6c2d135\"  style=\"width: 40%;height: 40%;\" ><div class=\"gem-wrapbox-inner \" ><img class=\"gem-wrapbox-element img-responsive\" src=\"https:\/\/ikstarnobrzeg.pl\/wp-content\/uploads\/2019\/04\/Feliks-Kordy\u015b.jpg\" alt=\"Feliks Kordy\u015b\"\/><\/div><\/div><\/div>[\/vc_column][vc_column width=&#8221;1\/2&#8243;][vc_column_text css=&#8221;&#8221;]<strong>FELIKS KORDY\u015a<\/strong><br \/>\nTrener wsp\u00f3\u0142pracuj\u0105cy z naszym klubem<br \/>\n(trener Reprezentacji Polski zajmuje si\u0119 zawodnikami na w\u00f3zkach)<\/p>\n<p>W KLUBIE OD: 2009<\/p>\n<p>JAKO ZAWODNIK REPREZENTOWA\u0141: KKS Karpaty Krosno, Izolatora Boguchwa\u0142a, AZS Rzesz\u00f3w I liga, Ekstraklasa tenisa Sto\u0142owego<\/p>\n<p>ZAINTERESOWANIA: Muzyka, sport<\/p>\n<p>&nbsp;<\/p>\n<p><strong><em>OSI\u0104GNI\u0118CIA W PRACY TRENERSKIEJ 2011-2020:<\/em><\/strong><\/p>\n<p><strong>IGRZYSKA PARAOLIMPIJSKIE<\/strong><\/p>\n<p><strong><em>2020\u00a0 \u00a0 \u00a0 Igrzyska Paraolimpijskie Tokio &#8211; przeniesione na 2021<\/em><\/strong><br \/>\nKrzysztof \u017by\u0142ka &#8211;\u00a0 awans<br \/>\nMaciej Nalepka &#8211;\u00a0 awans<\/p>\n<p><strong><em>2016\u00a0 \u00a0 \u00a0 Igrzyska Paraolimpijskie Rio<\/em><\/strong><br \/>\nMaciej Nalepka, Krzysztof \u017by\u0142ka &#8211;\u00a0 awans i debiut<\/p>\n<p><strong>MISTRZOSTWA \u015aWIATA<\/strong><\/p>\n<p><strong><em>2018\u00a0 \u00a0 \u00a0 \u00a0Mistrzostwa \u015awiata PTT World Championships &#8211; S\u0142owenia, Celje<\/em><\/strong><br \/>\nMaciej Nalepka &#8211; 5-8 miejsce w turnieju indywidualnym w kl. 3<br \/>\nKrzysztof \u017by\u0142ka\u00a0&#8211; 9-12 miejsce w turnieju indywidualnym w kl. 4<\/p>\n<p><em><strong>2014\u00a0\u00a0\u00a0\u00a0\u00a0 Mistrzostwa \u015awiata \u2013 Chiny, Pekin<\/strong><\/em><br \/>\nKrzysztof \u017by\u0142ka\/Maciej Nalepka \u2013 srebrny medal w turnieju dru\u017cynowym<\/p>\n<p><strong>MISTRZOSTWA EUROPY<\/strong><\/p>\n<p><em><strong>2019\u00a0 \u00a0 \u00a0 Mistrzostwa Europy \u2013 Szwecja,\u00a0Helsingborg<\/strong><\/em><br \/>\nKrzysztof \u017by\u0142ka &#8211; srebrny medal dru\u017cynowo, br\u0105zowy indywidualnie<br \/>\nMaciej Nalepka \u2013 5-8 w turnieju dru\u017cynowym<\/p>\n<p><strong><em>2017\u00a0\u00a0\u00a0\u00a0\u00a0 Mistrzostwa Europy \u2013 S\u0142owenia, Lasko<\/em><\/strong><br \/>\nKrzysztof \u017by\u0142ka \u2013 br\u0105zowy medal w turnieju dru\u017cynowym oraz 5-8 miejsce w turnieju indywidualnym<br \/>\nMaciej Nalepka \u2013 5-6 w turnieju dru\u017cynowym oraz 5-8 miejsce w turnieju indywidualnym<\/p>\n<p><em><strong>2015\u00a0\u00a0\u00a0\u00a0\u00a0 Mistrzostwa Europy \u2013 Dania, Vejle<\/strong><\/em><br \/>\nKrzysztof \u017by\u0142ka \u2013 br\u0105zowy medal w turnieju dru\u017cynowym<br \/>\nMaciej Nalepka \u2013 br\u0105zowy medal w turnieju dru\u017cynowym<\/p>\n<p><em><strong>2013\u00a0\u00a0\u00a0\u00a0\u00a0 Mistrzostwa Europy \u2013 W\u0142ochy, Lignano<\/strong><\/em><br \/>\nKrzysztof \u017by\u0142ka\/Maciej Nalepka \u2013 br\u0105zowy medal w turnieju dru\u017cynowym<\/p>\n<p><strong><em>2011\u00a0\u00a0\u00a0\u00a0\u00a0 Mistrzostwa Europy \u2013 Chorwacja, Split<\/em><\/strong><br \/>\nKrzysztof \u017by\u0142ka\/Maciej Nalepka \u2013 5 miejsce w turnieju dru\u017cynowym<\/p>\n<p><strong>TURNIEJE MI\u0118DZYNARODOWE PRO-TUR<\/strong><\/p>\n<p><strong>2020<br \/>\n<em>Pro &#8211; Tour\u00a0 Para Polish Open 2020. W\u0142adys\u0142awowo (POL)<\/em><br \/>\n<\/strong>Maciej NALEPKA srebrny medal singiel w kl. 3<strong><br \/>\n<em>Pro \u2013 Tour ITTF Costa Brava Spanish Para Open 2020, Platja D\u2019Aro (ESP)<\/em><br \/>\n<\/strong>Maciej NALEPKA srebrny medal dru\u017cynowo w kl. 3-4 i br\u0105zowy indywidualnie w kl. 3<\/p>\n<p><strong>2019<\/strong><strong><br \/>\n<em>Para China Open 2019,\u00a0Hangzhou (China)<\/em><\/strong><br \/>\nMaciej NALEPKA br\u0105zowy medal dru\u017cynowo w kl. 3<br \/>\nKrzysztof \u017bY\u0141KA z\u0142oty medal dru\u017cynowo w kl. 4<br \/>\n<strong><em>PTT Czech Open 2019, Ostrawa (Czech Republic)<\/em><\/strong><br \/>\nMaciej NALEPKA i Janusz CHAMOT srebrny medal dru\u017cynowo w kl. 3<br \/>\n<strong><em>Para Polish Open 2019. W\u0142adys\u0142awowo (Poland)<\/em><\/strong><br \/>\nMaciej NALEPKA br\u0105zowy medal dru\u017cynowo w kl. 3,\u00a05-8 miejsce singiel w kl. 3<br \/>\nKrzysztof \u017bY\u0141KA z\u0142oty medal dru\u017cynowo w kl. 4, br\u0105zowy medal indywidualnie w kl. 4<br \/>\n<strong><em>Para Slovenia Open 2019, Lasko ((Slovenia)<\/em><\/strong><br \/>\nMaciej NALEPKA br\u0105zowy medal dru\u017cynowo w kl. 3<br \/>\nKrzysztof \u017bY\u0141KA br\u0105zowy medal dru\u017cynowo w kl. 4<br \/>\n<strong><em>Para TT Lignano Open 2019,\u00a0Lignano (Italy)<\/em><\/strong><br \/>\nKrzysztof \u017bY\u0141KA br\u0105zowy medal indywidualnie w kl. 4, br\u0105zowy medal dru\u017cynowo w kl. 4<br \/>\n<strong><em>1. runda \u015arodkowoeuropejskiej Ligi Tenisa Sto\u0142owego na W\u00f3zkach, Hodonin<\/em><\/strong>\u00a0<strong><em>(Czech Republic)<\/em><\/strong><br \/>\nMaciej NALEPKA srebrny medal indywidualnie<\/p>\n<p><strong>2018<\/strong><br \/>\n<strong><em>15th Slovenian Open, Lasko (Slovenia)<\/em><\/strong><br \/>\nMaciej NALEPKA br\u0105zowy medal dru\u017cynowo w kl. 3<br \/>\nKrzysztof \u017bY\u0141KA srebrny medal dru\u017cynowo w kl. 4, srebrny medal indywidualnie w kl. 4<br \/>\n<em><strong>Slovakia Open 2018, Bratislava (Slovak Republic)<\/strong><\/em><br \/>\nMaciej NALEPKA srebrny medal dru\u017cynowo w kl. 3\u00a0Krzysztof \u017bY\u0141KA z\u0142oty medal dru\u017cynowo w kl. 4<\/p>\n<p><strong>2017<\/strong><br \/>\n<strong><em>Belgian Open 2017, Sint-Niklaas (Belgium)<\/em><\/strong><br \/>\nKrzysztof \u017bY\u0141KA srebrny medal indywidualnie w kl. 4, z\u0142oty medal dru\u017cyna kl. 4-5<br \/>\n<strong><em>Czech Open 2017, Ostrava (Czech Republic)<\/em><\/strong><br \/>\nKrzysztof \u017bY\u0141KA srebrny medal indywidualnie w kl. 4, z\u0142oty medal dru\u017cyna kl. 4<br \/>\n<em><strong>14th Slovenian Open, Lasko (Slovenia)<\/strong><\/em><br \/>\nKrzysztof \u017bY\u0141KA br\u0105zowy medal dru\u017cyna kl. 4<br \/>\nMaciej NALEPKA\u00a0srebrny medal dru\u017cyna kl. 3[\/vc_column_text][\/vc_column][\/vc_row][vc_row el_id=&#8221;radoslaw-poswiatowski&#8221;][vc_column width=&#8221;1\/2&#8243;]<div class=\"centered-box gem-image-centered-box\" ><div class=\"gem-image gem-wrapbox gem-wrapbox-style-2 gem-wrapbox-position-centered  thegem-custom-69e2e74da7382142\"  style=\"width: 60%;height: 60%;\" ><div class=\"gem-wrapbox-inner \" ><img class=\"gem-wrapbox-element img-responsive\" src=\"https:\/\/ikstarnobrzeg.pl\/wp-content\/uploads\/2025\/11\/RADEK-d.jpg\" alt=\"Rados\u0142aw Po\u015bwiatowski\"\/><\/div><\/div><\/div><div class=\"centered-box gem-image-centered-box\" ><div class=\"gem-image gem-wrapbox gem-wrapbox-style-2 gem-wrapbox-position-centered  thegem-custom-69e2e74da76006077\"  style=\"width: 60%;height: 60%;\" ><div class=\"gem-wrapbox-inner \" ><img class=\"gem-wrapbox-element img-responsive\" src=\"https:\/\/ikstarnobrzeg.pl\/wp-content\/uploads\/2025\/11\/RADEK-k.jpg\" alt=\"Rados\u0142aw Po\u015bwiatowski\"\/><\/div><\/div><\/div>[\/vc_column][vc_column width=&#8221;1\/2&#8243;][vc_column_text css=&#8221;&#8221;]<b>RADOS\u0141AW<\/b><strong>\u00a0<\/strong><b>PO\u015aWIATOWSKI<\/b><br \/>\nTrener wsp\u00f3\u0142pracuj\u0105cy z naszym klubem<\/p>\n<p>W KLUBIE OD: 2018<\/p>\n<p>JAKO ZAWODNIK REPREZENTOWA\u0141: Pu\u0142awy<\/p>\n<p>ZAINTERESOWANIA: Muzyka, sport, dobra ksi\u0105\u017cka<\/p>\n<p>&nbsp;<\/p>\n<p><em><strong>OSI\u0104GNI\u0118CIA W PRACY TRENERSKIEJ 2018-2020:<\/strong><\/em><\/p>\n<p>sezon 2019\/2020<br \/>\n<em><strong>XVI Turniej Tenisa Sto\u0142owego na W\u00f3zkach, Pu\u0142awy<\/strong><\/em><br \/>\nEmilia Kotarska &#8211; 1 miejsce singiel, 4 miejsce OPEN<br \/>\n<em><strong>1 Grand Prix Polski Niepe\u0142nosprawnych, Gda\u0144sk<\/strong><\/em><br \/>\nEmilia Kotarska \u2013 z\u0142oty medal (singiel) kl. 2-5<br \/>\n<em><strong>3 Grand Prix Polski Niepe\u0142nosprawnych, Krak\u00f3w<\/strong><\/em><br \/>\nEmilia Kotarska \u2013 z\u0142oty medal (singiel) kl. 3-5<\/p>\n<p>2019<br \/>\n<em><strong>Indywidualne Mistrzostwa Polski Niepe\u0142nosprawnych, Wis\u0142a<\/strong><\/em><br \/>\nEmilia Kotarska &#8211;\u00a0 srebrny (singiel), srebrny medal (mikst)<\/p>\n<p>2018<br \/>\n<em><strong>Indywidualne Mistrzostwa Polski, Zielona G\u00f3ra<\/strong><\/em><br \/>\nEmilia Kotarska &#8211; srebrny medal (singel), br\u0105zowych (mikst)<br \/>\n<em><strong>2 Grand Prix Polski Niepe\u0142nosprawnych, Wis\u0142a<\/strong><\/em><br \/>\nEmilia Kotarska &#8211; br\u0105zowy medal (singiel)<br \/>\n<em><strong>3 Grand Prix Polski Niepe\u0142nosprawnych, Wis\u0142a<\/strong><\/em><br \/>\nEmilia Kotarska &#8211; z\u0142oty medal (singiel)[\/vc_column_text][\/vc_column][\/vc_row][vc_row el_id=&#8221;pawel-matysiak&#8221;][vc_column width=&#8221;1\/2&#8243;]<div class=\"centered-box gem-image-centered-box\" ><div class=\"gem-image gem-wrapbox gem-wrapbox-style-2 gem-wrapbox-position-centered  thegem-custom-69e2e74da7a751965\"  style=\"width: 60%;height: 60%;\" ><div class=\"gem-wrapbox-inner \" ><img class=\"gem-wrapbox-element img-responsive\" src=\"https:\/\/ikstarnobrzeg.pl\/wp-content\/uploads\/2025\/11\/trener-d-1.jpg\" alt=\"Pawe\u0142 Matysiak\"\/><\/div><\/div><\/div><div class=\"centered-box gem-image-centered-box\" ><div class=\"gem-image gem-wrapbox gem-wrapbox-style-2 gem-wrapbox-position-centered  thegem-custom-69e2e74da7e60883\"  style=\"width: 60%;height: 60%;\" ><div class=\"gem-wrapbox-inner \" ><img class=\"gem-wrapbox-element img-responsive\" src=\"https:\/\/ikstarnobrzeg.pl\/wp-content\/uploads\/2025\/11\/trener-k.jpg\" alt=\"Pawe\u0142 Matysiak\"\/><\/div><\/div><\/div>[\/vc_column][vc_column width=&#8221;1\/2&#8243;][vc_column_text css=&#8221;&#8221;]<strong>PAWE\u0141 MATYSIAK<br \/>\n<\/strong>Trener klubowy IKS-u<\/p>\n<p>W KLUBIE: 2009-2010 i ponownie od 2021<\/p>\n<p>JAKO ZAWODNIK REPREZENTOWA\u0141:<\/p>\n<p>ZAINTERESOWANIA: Sport<\/p>\n<p><em><strong>OSI\u0104GNI\u0118CIA W PRACY TRENERSKIEJ :<\/strong><\/em><\/p>\n<p><strong>\u00a0<\/strong><strong>DRU\u017bYNOWE MISTRZOSTWA POLSKI<\/strong><\/p>\n<p><em><strong>2024\u00a0 \u00a0 Dru\u017cynowe Mistrzostwa Polski, Gda\u0144sk<br \/>\n<\/strong>Maciej Nalepka\/Janusz Chamot \u2013 srebrny medal klasa 2-5 w\u00f3zki<br \/>\nMateusz Rogowski\/Piotr Sokalski \u2013 br\u0105zowy medal klasa 2-5 w\u00f3zki<br \/>\nDawid Sowa\/Mariusz Matejek \u2013 srebrny<\/em><em>\u00a0medal klasa 9<\/em><em><br \/>\n<\/em><em>Pawe\u0142 W\u0142odyka\/Antoni Biedziuk\/\u0141ukasz Delekta \u2013 srebrny medal klasa 10<\/em><\/p>\n<p><em><strong>2023\u00a0 \u00a0 Dru\u017cynowe Mistrzostwa Polski, Tarnobrzeg<br \/>\n<\/strong>Maciej Nalepka\/Janusz Chamot\/Mateusz Walski \u2013 br\u0105zowy medal klasa 3-5 w\u00f3zki<br \/>\nMateusz Rogowski\/Piotr Sokalski \u2013 br\u0105zowy medal klasa 3-5 w\u00f3zki<br \/>\nDawid Sowa\/Pawe\u0142 Mazuryk\/Mariusz Matejek \u2013\u00a0<\/em><em>z\u0142oty medal klasa 9<\/em><em><br \/>\n<\/em><em>Pawe\u0142 W\u0142odyka\/Antoni Biedziuk\/\u0141ukasz Delekta \u2013 br\u0105zowy medal klasa 10<br \/>\nKrzysztof Wa\u0142doch\/Pawe\u0142 Demkowicz \u2013 br\u0105zowy medal klasa 11<\/em><\/p>\n<p><em><strong>2022\u00a0 \u00a0 Dru\u017cynowe Mistrzostwa Polski, Tarnobrzeg<\/strong><\/em><br \/>\nMaciej Nalepka\/Janusz Chamot &#8211; z\u0142oty medal klasa 3-5 w\u00f3zki<br \/>\nPawe\u0142 W\u0142odyka\/Antoni Biedziuk\/Dawid Sowa &#8211; srebrny medal klasa 10<br \/>\nMateusz Rogowski\/Piotr Sokalski\/Mateusz Walski &#8211; br\u0105zowy medal klasa 3-5 w\u00f3zki<\/p>\n<p><strong>INDYWIDUALNE MISTRZOSTWA POLSKI<\/strong><\/p>\n<p><strong><em>2025\u00a0 \u00a0 Indywidualne Mistrzostwa Polski, Zielona G\u00f3ra\/Drzonk\u00f3w<br \/>\n<\/em><\/strong><em>12 medali ( 4 z\u0142ote, 4 srebrne, 4 br\u0105zowe)<\/em><\/p>\n<p><strong><em>2024\u00a0 \u00a0 Indywidualne Mistrzostwa Polski, Zielona G\u00f3ra\/Drzonk\u00f3w<br \/>\n<\/em><\/strong>15 medali ( 2 z\u0142ote, 2 srebrne, 11 br\u0105zowych)<\/p>\n<p><strong><em>2023\u00a0 \u00a0 Indywidualne Mistrzostwa Polski, Gda\u0144sk<br \/>\n<\/em><\/strong>13 medali (2 z\u0142ote, 5 srebrnych i 6 br\u0105zowych)<\/p>\n<p><em><strong>2022\u00a0 \u00a0Indywidualne Mistrzostwa Polski, Gda\u0144sk<\/strong><\/em><br \/>\n8 medali (5 srebrnych i 3 br\u0105zowe)<\/p>\n<p><em><strong>2010\u00a0 \u00a0 Indywidualne Mistrzostwa Polski, \u017berk\u00f3w<\/strong><\/em><br \/>\n6 medali (2 z\u0142ote i 4 br\u0105zowe)<\/p>\n<p><em><strong>2009\u00a0 \u00a0 \u00a0Indywidualne Mistrzostwa Polski, Kalisz<\/strong><\/em><br \/>\n5 medali (1 z\u0142oty, 2 srebrne i 2 br\u0105zowe)[\/vc_column_text][\/vc_column][\/vc_row][\/vc_section]<\/p>\n<\/div>","protected":false},"excerpt":{"rendered":"<p>[vc_row][vc_column][\/vc_column][\/vc_row][vc_section el_id=&#8221;hidden-section&#8221;][vc_row el_id=&#8221;jacek-lachor&#8221;][vc_column width=&#8221;1\/2&#8243;][\/vc_column][vc_column width=&#8221;1\/2&#8243;][vc_column_text css=&#8221;&#8221;]JACEK LACHOR Trener klubowy IKS-u W KLUBIE: od 2011 do 2021 JAKO ZAWODNIK REPREZENTOWA\u0141: Siark\u0119&#8230;<\/p>\n","protected":false},"author":1,"featured_media":0,"parent":0,"menu_order":37,"comment_status":"closed","ping_status":"closed","template":"","meta":{"footnotes":""},"class_list":["post-60","page","type-page","status-publish"],"_links":{"self":[{"href":"https:\/\/ikstarnobrzeg.pl\/index.php\/wp-json\/wp\/v2\/pages\/60","targetHints":{"allow":["GET"]}}],"collection":[{"href":"https:\/\/ikstarnobrzeg.pl\/index.php\/wp-json\/wp\/v2\/pages"}],"about":[{"href":"https:\/\/ikstarnobrzeg.pl\/index.php\/wp-json\/wp\/v2\/types\/page"}],"author":[{"embeddable":true,"href":"https:\/\/ikstarnobrzeg.pl\/index.php\/wp-json\/wp\/v2\/users\/1"}],"replies":[{"embeddable":true,"href":"https:\/\/ikstarnobrzeg.pl\/index.php\/wp-json\/wp\/v2\/comments?post=60"}],"version-history":[{"count":114,"href":"https:\/\/ikstarnobrzeg.pl\/index.php\/wp-json\/wp\/v2\/pages\/60\/revisions"}],"predecessor-version":[{"id":38691,"href":"https:\/\/ikstarnobrzeg.pl\/index.php\/wp-json\/wp\/v2\/pages\/60\/revisions\/38691"}],"wp:attachment":[{"href":"https:\/\/ikstarnobrzeg.pl\/index.php\/wp-json\/wp\/v2\/media?parent=60"}],"curies":[{"name":"wp","href":"https:\/\/api.w.org\/{rel}","templated":true}]}}