{"id":38,"date":"2018-02-02T10:33:29","date_gmt":"2018-02-02T09:33:29","guid":{"rendered":"http:\/\/ikstarnobrzeg.pl\/?page_id=38"},"modified":"2025-01-24T14:01:04","modified_gmt":"2025-01-24T13:01:04","slug":"baza-treningowa","status":"publish","type":"page","link":"https:\/\/ikstarnobrzeg.pl\/index.php\/baza-treningowa\/","title":{"rendered":"Baza treningowa"},"content":{"rendered":"<div class=\"wpb-content-wrapper\"><p>[vc_row][vc_column][vc_column_text css=&#8221;&#8221;]<span class=\"_5mfr\"><span class=\"_6qdm\">\u2705<\/span><\/span> Baza treningowa IKS-u to od 2008 roku hala sportowa Zespo\u0142u Szk\u00f3\u0142 nr 1 w Tarnobrzegu, ul. Kopernika 49.<br \/>\n<span class=\"_5mfr\"><span class=\"_6qdm\">\u27a1\ufe0f<\/span><\/span> Aktualnie treningi prowadzone s\u0105 przez trenera Paw\u0142a Matysiaka w poniedzia\u0142ek, w \u015brod\u0119 i w czwartek godz. 16.30-19.00<br \/>\n<span class=\"_5mfr\"><span class=\"_6qdm\">\u27a1\ufe0f<\/span><\/span>\u00a0Wsp\u00f3\u0142pracujemy r\u00f3wnie\u017c z trenerem Feliksem Kordysiem oraz Rados\u0142awem Po\u015bwiatowskim.<\/p>\n<p><span class=\"_5mfr\"><span class=\"_6qdm\">\u2705<\/span><\/span> Prowadzimy jedyn\u0105 w Wojew\u00f3dztwie Podkarpackim sekcj\u0119 tenisa sto\u0142owego, w kt\u00f3rej trenuj\u0105 zawodnicy z r\u00f3\u017cn\u0105 niesprawno\u015bci\u0105 ruchow\u0105 czyli graj\u0105cy na w\u00f3zku<br \/>\n(klasy startowe 1-5) i graj\u0105cy na stoj\u0105co (klasy startowe 6-10)<br \/>\n<span class=\"_5mfr\"><span class=\"_6qdm\">\u27a1\ufe0f<\/span><\/span>\u00a0W sekcji tej trenuj\u0105 r\u00f3wnie\u017c osoby sprawne dzieci, m\u0142odzie\u017c i weterani.[\/vc_column_text][\/vc_column][\/vc_row][vc_section el_id=&#8221;tresc_wiadomosci&#8221;][vc_row][vc_column][vc_column_text css=&#8221;&#8221;][\/vc_column_text][\/vc_column][\/vc_row][\/vc_section][vc_section el_id=&#8221;galeria_zdjec&#8221;][vc_row][vc_column]<style>.gem-gallery-grid#style-69e2f929d4bbd .gallery-item { padding: calc(42px\/2) !important; }.gem-gallery-grid#style-69e2f929d4bbd .gallery-set { margin-top: calc(-42px\/2); margin-bottom: calc(-42px\/2); }.gem-gallery-grid#style-69e2f929d4bbd .not-fullwidth-block .gallery-set, .gem-gallery-grid#style-69e2f929d4bbd .not-fullwidth-block .portfolio-item-size-container { margin-left: calc(-42px\/2); margin-right: calc(-42px\/2); }.gem-gallery-grid#style-69e2f929d4bbd .fullwidth-block { padding-left: calc(42px\/2); padding-right: calc(42px\/2); }.gem-gallery-grid#style-69e2f929d4bbd .portfolio-filters { text-align: center }<\/style> <div class=\"gallery-preloader-wrapper\"> <div class=\"row\"> <div id=\"style-69e2f929d4bbd\" class=\"gem-gallery-grid col-lg-12 col-md-12 col-sm-12 gallery-style-justified hover-gradient loading-animation item-animation-move-up columns-3 columns-tablet-2 columns-mobile-1 gaps-margin disable-isotope \" data-hover=\"gradient\" data-uid=\"69e2f929d4bbd\" data-filter=\"[]\"> <div class=\"portfolio not-fullwidth-block \"> <ul class=\"gallery-set clearfix\" data-max-row-height=\"380\"> <li class=\"gallery-item gallery-0 col-xs-12 col-sm-6 col-md-4 item-animations-not-inited single-icon post-38 page type-page status-publish has-post-thumbnail\" style=\"\"> <div class=\"wrap gem-wrapbox-style-default\"> <div class=\"overlay-wrap\"> <div class=\"image-wrap \"> <picture> <source srcset=\"https:\/\/ikstarnobrzeg.pl\/wp-content\/uploads\/2018\/06\/355991761_149245028169327_5159707232864957571_n-thegem-product-justified-square-m.jpg 1x\" sizes=\"100vw\"> <img src=\"https:\/\/ikstarnobrzeg.pl\/wp-content\/uploads\/2018\/06\/355991761_149245028169327_5159707232864957571_n-thegem-product-justified-square-m.jpg\" width=\"400\" height=\"400\" class=\"attachment-thegem-product-justified-square-m\" alt=\"355991761_149245028169327_5159707232864957571_n\" \/> <\/picture> <\/div> <div class=\"overlay \"> <div class=\"overlay-circle\"><\/div> <a href=\"https:\/\/ikstarnobrzeg.pl\/wp-content\/uploads\/2018\/06\/355991761_149245028169327_5159707232864957571_n.jpg\" class=\"gallery-item-link fancy-gallery\" data-fancybox=\"gallery-69e2f929d4bbd\"> <span class=\"slide-info\"> <\/span> <\/a> <div class=\"overlay-content\"> <div class=\"overlay-content-center\"> <div class=\"overlay-content-inner\"> <a href=\"https:\/\/ikstarnobrzeg.pl\/wp-content\/uploads\/2018\/06\/355991761_149245028169327_5159707232864957571_n.jpg\" class=\"icon photo \" > <\/a> <div class=\"overlay-line\"><\/div> <\/div> <\/div> <\/div> <\/div> <\/div> <\/div> <\/li> <li class=\"gallery-item gallery-0 col-xs-12 col-sm-6 col-md-4 item-animations-not-inited single-icon post-38 page type-page status-publish has-post-thumbnail\" style=\"\"> <div class=\"wrap gem-wrapbox-style-default\"> <div class=\"overlay-wrap\"> <div class=\"image-wrap \"> <picture> <source srcset=\"https:\/\/ikstarnobrzeg.pl\/wp-content\/uploads\/2018\/06\/zsp1-hala-sportowa-thegem-product-justified-square-m.jpg 1x\" sizes=\"100vw\"> <img src=\"https:\/\/ikstarnobrzeg.pl\/wp-content\/uploads\/2018\/06\/zsp1-hala-sportowa-thegem-product-justified-square-m.jpg\" width=\"400\" height=\"400\" class=\"attachment-thegem-product-justified-square-m\" alt=\"zsp1 hala sportowa\" \/> <\/picture> <\/div> <div class=\"overlay \"> <div class=\"overlay-circle\"><\/div> <a href=\"https:\/\/ikstarnobrzeg.pl\/wp-content\/uploads\/2018\/06\/zsp1-hala-sportowa.jpg\" class=\"gallery-item-link fancy-gallery\" data-fancybox=\"gallery-69e2f929d4bbd\"> <span class=\"slide-info\"> <\/span> <\/a> <div class=\"overlay-content\"> <div class=\"overlay-content-center\"> <div class=\"overlay-content-inner\"> <a href=\"https:\/\/ikstarnobrzeg.pl\/wp-content\/uploads\/2018\/06\/zsp1-hala-sportowa.jpg\" class=\"icon photo \" > <\/a> <div class=\"overlay-line\"><\/div> <\/div> <\/div> <\/div> <\/div> <\/div> <\/div> <\/li> <li class=\"gallery-item gallery-0 col-xs-12 col-sm-6 col-md-4 item-animations-not-inited single-icon post-38 page type-page status-publish has-post-thumbnail\" style=\"\"> <div class=\"wrap gem-wrapbox-style-default\"> <div class=\"overlay-wrap\"> <div class=\"image-wrap \"> <picture> <source srcset=\"https:\/\/ikstarnobrzeg.pl\/wp-content\/uploads\/2018\/06\/12-1-thegem-product-justified-square-m.jpg 1x\" sizes=\"100vw\"> <img src=\"https:\/\/ikstarnobrzeg.pl\/wp-content\/uploads\/2018\/06\/12-1-thegem-product-justified-square-m.jpg\" width=\"400\" height=\"180\" class=\"attachment-thegem-product-justified-square-m\" alt=\"12\" \/> <\/picture> <\/div> <div class=\"overlay \"> <div class=\"overlay-circle\"><\/div> <a href=\"https:\/\/ikstarnobrzeg.pl\/wp-content\/uploads\/2018\/06\/12-1.jpg\" class=\"gallery-item-link fancy-gallery\" data-fancybox=\"gallery-69e2f929d4bbd\"> <span class=\"slide-info\"> <\/span> <\/a> <div class=\"overlay-content\"> <div class=\"overlay-content-center\"> <div class=\"overlay-content-inner\"> <a href=\"https:\/\/ikstarnobrzeg.pl\/wp-content\/uploads\/2018\/06\/12-1.jpg\" class=\"icon photo \" > <\/a> <div class=\"overlay-line\"><\/div> <\/div> <\/div> <\/div> <\/div> <\/div> <\/div> <\/li> <li class=\"gallery-item gallery-0 col-xs-12 col-sm-6 col-md-4 item-animations-not-inited single-icon post-38 page type-page status-publish has-post-thumbnail\" style=\"\"> <div class=\"wrap gem-wrapbox-style-default\"> <div class=\"overlay-wrap\"> <div class=\"image-wrap \"> <picture> <source srcset=\"https:\/\/ikstarnobrzeg.pl\/wp-content\/uploads\/2018\/06\/IMG_0097-thegem-product-justified-square-m.jpg 1x\" sizes=\"100vw\"> <img src=\"https:\/\/ikstarnobrzeg.pl\/wp-content\/uploads\/2018\/06\/IMG_0097-thegem-product-justified-square-m.jpg\" width=\"400\" height=\"400\" class=\"attachment-thegem-product-justified-square-m\" alt=\"IMG_0097\" \/> <\/picture> <\/div> <div class=\"overlay \"> <div class=\"overlay-circle\"><\/div> <a href=\"https:\/\/ikstarnobrzeg.pl\/wp-content\/uploads\/2018\/06\/IMG_0097.jpg\" class=\"gallery-item-link fancy-gallery\" data-fancybox=\"gallery-69e2f929d4bbd\"> <span class=\"slide-info\"> <\/span> <\/a> <div class=\"overlay-content\"> <div class=\"overlay-content-center\"> <div class=\"overlay-content-inner\"> <a href=\"https:\/\/ikstarnobrzeg.pl\/wp-content\/uploads\/2018\/06\/IMG_0097.jpg\" class=\"icon photo \" > <\/a> <div class=\"overlay-line\"><\/div> <\/div> <\/div> <\/div> <\/div> <\/div> <\/div> <\/li> <li class=\"gallery-item gallery-0 col-xs-12 col-sm-6 col-md-4 item-animations-not-inited single-icon post-38 page type-page status-publish has-post-thumbnail\" style=\"\"> <div class=\"wrap gem-wrapbox-style-default\"> <div class=\"overlay-wrap\"> <div class=\"image-wrap \"> <picture> <source srcset=\"https:\/\/ikstarnobrzeg.pl\/wp-content\/uploads\/2018\/06\/DJI_0631-thegem-product-justified-square-m.jpg 1x\" sizes=\"100vw\"> <img src=\"https:\/\/ikstarnobrzeg.pl\/wp-content\/uploads\/2018\/06\/DJI_0631-thegem-product-justified-square-m.jpg\" width=\"400\" height=\"400\" class=\"attachment-thegem-product-justified-square-m\" alt=\"default\" \/> <\/picture> <\/div> <div class=\"overlay \"> <div class=\"overlay-circle\"><\/div> <a href=\"https:\/\/ikstarnobrzeg.pl\/wp-content\/uploads\/2018\/06\/DJI_0631.jpg\" class=\"gallery-item-link fancy-gallery\" data-fancybox=\"gallery-69e2f929d4bbd\"> <span class=\"slide-info\"> <span class=\"slide-info-title\"> default <\/span> <\/span> <\/a> <div class=\"overlay-content\"> <div class=\"overlay-content-center\"> <div class=\"overlay-content-inner\"> <a href=\"https:\/\/ikstarnobrzeg.pl\/wp-content\/uploads\/2018\/06\/DJI_0631.jpg\" class=\"icon photo \" > <\/a> <div class=\"overlay-line\"><\/div> <div class=\"title\"> default <\/div> <\/div> <\/div> <\/div> <\/div> <\/div> <\/div> <\/li> <li class=\"gallery-item gallery-0 col-xs-12 col-sm-6 col-md-4 item-animations-not-inited single-icon post-38 page type-page status-publish has-post-thumbnail\" style=\"\"> <div class=\"wrap gem-wrapbox-style-default\"> <div class=\"overlay-wrap\"> <div class=\"image-wrap \"> <picture> <source srcset=\"https:\/\/ikstarnobrzeg.pl\/wp-content\/uploads\/2018\/06\/ZS-nr1-Logo-11-thegem-product-justified-square-m.png 1x\" sizes=\"100vw\"> <img src=\"https:\/\/ikstarnobrzeg.pl\/wp-content\/uploads\/2018\/06\/ZS-nr1-Logo-11-thegem-product-justified-square-m.png\" width=\"400\" height=\"400\" class=\"attachment-thegem-product-justified-square-m\" alt=\"ZS nr1 Logo 11\" \/> <\/picture> <\/div> <div class=\"overlay \"> <div class=\"overlay-circle\"><\/div> <a href=\"https:\/\/ikstarnobrzeg.pl\/wp-content\/uploads\/2018\/06\/ZS-nr1-Logo-11.png\" class=\"gallery-item-link fancy-gallery\" data-fancybox=\"gallery-69e2f929d4bbd\"> <span class=\"slide-info\"> <\/span> <\/a> <div class=\"overlay-content\"> <div class=\"overlay-content-center\"> <div class=\"overlay-content-inner\"> <a href=\"https:\/\/ikstarnobrzeg.pl\/wp-content\/uploads\/2018\/06\/ZS-nr1-Logo-11.png\" class=\"icon photo \" > <\/a> <div class=\"overlay-line\"><\/div> <\/div> <\/div> <\/div> <\/div> <\/div> <\/div> <\/li> <li class=\"gallery-item gallery-0 col-xs-12 col-sm-6 col-md-4 item-animations-not-inited single-icon post-38 page type-page status-publish has-post-thumbnail\" style=\"\"> <div class=\"wrap gem-wrapbox-style-default\"> <div class=\"overlay-wrap\"> <div class=\"image-wrap \"> <picture> <source srcset=\"https:\/\/ikstarnobrzeg.pl\/wp-content\/uploads\/2018\/06\/3-11-thegem-product-justified-square-m.jpg 1x\" sizes=\"100vw\"> <img src=\"https:\/\/ikstarnobrzeg.pl\/wp-content\/uploads\/2018\/06\/3-11-thegem-product-justified-square-m.jpg\" width=\"400\" height=\"400\" class=\"attachment-thegem-product-justified-square-m\" alt=\"default\" \/> <\/picture> <\/div> <div class=\"overlay \"> <div class=\"overlay-circle\"><\/div> <a href=\"https:\/\/ikstarnobrzeg.pl\/wp-content\/uploads\/2018\/06\/3-11.jpg\" class=\"gallery-item-link fancy-gallery\" data-fancybox=\"gallery-69e2f929d4bbd\"> <span class=\"slide-info\"> <span class=\"slide-info-title\"> default <\/span> <\/span> <\/a> <div class=\"overlay-content\"> <div class=\"overlay-content-center\"> <div class=\"overlay-content-inner\"> <a href=\"https:\/\/ikstarnobrzeg.pl\/wp-content\/uploads\/2018\/06\/3-11.jpg\" class=\"icon photo \" > <\/a> <div class=\"overlay-line\"><\/div> <div class=\"title\"> default <\/div> <\/div> <\/div> <\/div> <\/div> <\/div> <\/div> <\/li> <li class=\"gallery-item gallery-0 col-xs-12 col-sm-6 col-md-4 item-animations-not-inited single-icon post-38 page type-page status-publish has-post-thumbnail\" style=\"\"> <div class=\"wrap gem-wrapbox-style-default\"> <div class=\"overlay-wrap\"> <div class=\"image-wrap \"> <picture> <source srcset=\"https:\/\/ikstarnobrzeg.pl\/wp-content\/uploads\/2018\/06\/2-18-thegem-product-justified-square-m.jpg 1x\" sizes=\"100vw\"> <img src=\"https:\/\/ikstarnobrzeg.pl\/wp-content\/uploads\/2018\/06\/2-18-thegem-product-justified-square-m.jpg\" width=\"400\" height=\"400\" class=\"attachment-thegem-product-justified-square-m\" alt=\"2\" \/> <\/picture> <\/div> <div class=\"overlay \"> <div class=\"overlay-circle\"><\/div> <a href=\"https:\/\/ikstarnobrzeg.pl\/wp-content\/uploads\/2018\/06\/2-18.jpg\" class=\"gallery-item-link fancy-gallery\" data-fancybox=\"gallery-69e2f929d4bbd\"> <span class=\"slide-info\"> <\/span> <\/a> <div class=\"overlay-content\"> <div class=\"overlay-content-center\"> <div class=\"overlay-content-inner\"> <a href=\"https:\/\/ikstarnobrzeg.pl\/wp-content\/uploads\/2018\/06\/2-18.jpg\" class=\"icon photo \" > <\/a> <div class=\"overlay-line\"><\/div> <\/div> <\/div> <\/div> <\/div> <\/div> <\/div> <\/li> <li class=\"gallery-item gallery-0 col-xs-12 col-sm-6 col-md-4 item-animations-not-inited single-icon post-38 page type-page status-publish has-post-thumbnail\" style=\"\"> <div class=\"wrap gem-wrapbox-style-default\"> <div class=\"overlay-wrap\"> <div class=\"image-wrap \"> <picture> <source srcset=\"https:\/\/ikstarnobrzeg.pl\/wp-content\/uploads\/2018\/06\/4-10-thegem-product-justified-square-m.jpg 1x\" sizes=\"100vw\"> <img src=\"https:\/\/ikstarnobrzeg.pl\/wp-content\/uploads\/2018\/06\/4-10-thegem-product-justified-square-m.jpg\" width=\"400\" height=\"400\" class=\"attachment-thegem-product-justified-square-m\" alt=\"default\" \/> <\/picture> <\/div> <div class=\"overlay \"> <div class=\"overlay-circle\"><\/div> <a href=\"https:\/\/ikstarnobrzeg.pl\/wp-content\/uploads\/2018\/06\/4-10.jpg\" class=\"gallery-item-link fancy-gallery\" data-fancybox=\"gallery-69e2f929d4bbd\"> <span class=\"slide-info\"> <span class=\"slide-info-title\"> default <\/span> <\/span> <\/a> <div class=\"overlay-content\"> <div class=\"overlay-content-center\"> <div class=\"overlay-content-inner\"> <a href=\"https:\/\/ikstarnobrzeg.pl\/wp-content\/uploads\/2018\/06\/4-10.jpg\" class=\"icon photo \" > <\/a> <div class=\"overlay-line\"><\/div> <div class=\"title\"> default <\/div> <\/div> <\/div> <\/div> <\/div> <\/div> <\/div> <\/li> <li class=\"gallery-item gallery-0 col-xs-12 col-sm-6 col-md-4 item-animations-not-inited single-icon post-38 page type-page status-publish has-post-thumbnail\" style=\"\"> <div class=\"wrap gem-wrapbox-style-default\"> <div class=\"overlay-wrap\"> <div class=\"image-wrap \"> <picture> <source srcset=\"https:\/\/ikstarnobrzeg.pl\/wp-content\/uploads\/2018\/06\/0051-thegem-product-justified-square-m.jpg 1x\" sizes=\"100vw\"> <img src=\"https:\/\/ikstarnobrzeg.pl\/wp-content\/uploads\/2018\/06\/0051-thegem-product-justified-square-m.jpg\" width=\"400\" height=\"400\" class=\"attachment-thegem-product-justified-square-m\" alt=\"0051\" \/> <\/picture> <\/div> <div class=\"overlay \"> <div class=\"overlay-circle\"><\/div> <a href=\"https:\/\/ikstarnobrzeg.pl\/wp-content\/uploads\/2018\/06\/0051.jpg\" class=\"gallery-item-link fancy-gallery\" data-fancybox=\"gallery-69e2f929d4bbd\"> <span class=\"slide-info\"> <\/span> <\/a> <div class=\"overlay-content\"> <div class=\"overlay-content-center\"> <div class=\"overlay-content-inner\"> <a href=\"https:\/\/ikstarnobrzeg.pl\/wp-content\/uploads\/2018\/06\/0051.jpg\" class=\"icon photo \" > <\/a> <div class=\"overlay-line\"><\/div> <\/div> <\/div> <\/div> <\/div> <\/div> <\/div> <\/li> <li class=\"gallery-item gallery-0 col-xs-12 col-sm-6 col-md-4 item-animations-not-inited single-icon post-38 page type-page status-publish has-post-thumbnail\" style=\"\"> <div class=\"wrap gem-wrapbox-style-default\"> <div class=\"overlay-wrap\"> <div class=\"image-wrap \"> <picture> <source srcset=\"https:\/\/ikstarnobrzeg.pl\/wp-content\/uploads\/2018\/06\/2-3-thegem-product-justified-square-m.jpg 1x\" sizes=\"100vw\"> <img src=\"https:\/\/ikstarnobrzeg.pl\/wp-content\/uploads\/2018\/06\/2-3-thegem-product-justified-square-m.jpg\" width=\"400\" height=\"400\" class=\"attachment-thegem-product-justified-square-m\" alt=\"2\" \/> <\/picture> <\/div> <div class=\"overlay \"> <div class=\"overlay-circle\"><\/div> <a href=\"https:\/\/ikstarnobrzeg.pl\/wp-content\/uploads\/2018\/06\/2-3.jpg\" class=\"gallery-item-link fancy-gallery\" data-fancybox=\"gallery-69e2f929d4bbd\"> <span class=\"slide-info\"> <\/span> <\/a> <div class=\"overlay-content\"> <div class=\"overlay-content-center\"> <div class=\"overlay-content-inner\"> <a href=\"https:\/\/ikstarnobrzeg.pl\/wp-content\/uploads\/2018\/06\/2-3.jpg\" class=\"icon photo \" > <\/a> <div class=\"overlay-line\"><\/div> <\/div> <\/div> <\/div> <\/div> <\/div> <\/div> <\/li> <li class=\"gallery-item gallery-0 col-xs-12 col-sm-6 col-md-4 item-animations-not-inited single-icon post-38 page type-page status-publish has-post-thumbnail\" style=\"\"> <div class=\"wrap gem-wrapbox-style-default\"> <div class=\"overlay-wrap\"> <div class=\"image-wrap \"> <picture> <source srcset=\"https:\/\/ikstarnobrzeg.pl\/wp-content\/uploads\/2018\/06\/hala-thegem-product-justified-square-m.jpg 1x\" sizes=\"100vw\"> <img src=\"https:\/\/ikstarnobrzeg.pl\/wp-content\/uploads\/2018\/06\/hala-thegem-product-justified-square-m.jpg\" width=\"400\" height=\"400\" class=\"attachment-thegem-product-justified-square-m\" alt=\"hala\" \/> <\/picture> <\/div> <div class=\"overlay \"> <div class=\"overlay-circle\"><\/div> <a href=\"https:\/\/ikstarnobrzeg.pl\/wp-content\/uploads\/2018\/06\/hala.jpg\" class=\"gallery-item-link fancy-gallery\" data-fancybox=\"gallery-69e2f929d4bbd\"> <span class=\"slide-info\"> <\/span> <\/a> <div class=\"overlay-content\"> <div class=\"overlay-content-center\"> <div class=\"overlay-content-inner\"> <a href=\"https:\/\/ikstarnobrzeg.pl\/wp-content\/uploads\/2018\/06\/hala.jpg\" class=\"icon photo \" > <\/a> <div class=\"overlay-line\"><\/div> <\/div> <\/div> <\/div> <\/div> <\/div> <\/div> <\/li> <\/ul> <\/div> <\/div> <\/div> <\/div>[\/vc_column][\/vc_row][\/vc_section]<\/p>\n<\/div>","protected":false},"excerpt":{"rendered":"<p>[vc_row][vc_column][vc_column_text css=&#8221;&#8221;]\u2705 Baza treningowa IKS-u to od 2008 roku hala sportowa Zespo\u0142u Szk\u00f3\u0142 nr 1 w Tarnobrzegu, ul. Kopernika 49&#8230;.<\/p>\n","protected":false},"author":1,"featured_media":24164,"parent":0,"menu_order":2,"comment_status":"closed","ping_status":"closed","template":"","meta":{"footnotes":""},"class_list":["post-38","page","type-page","status-publish","has-post-thumbnail"],"_links":{"self":[{"href":"https:\/\/ikstarnobrzeg.pl\/index.php\/wp-json\/wp\/v2\/pages\/38","targetHints":{"allow":["GET"]}}],"collection":[{"href":"https:\/\/ikstarnobrzeg.pl\/index.php\/wp-json\/wp\/v2\/pages"}],"about":[{"href":"https:\/\/ikstarnobrzeg.pl\/index.php\/wp-json\/wp\/v2\/types\/page"}],"author":[{"embeddable":true,"href":"https:\/\/ikstarnobrzeg.pl\/index.php\/wp-json\/wp\/v2\/users\/1"}],"replies":[{"embeddable":true,"href":"https:\/\/ikstarnobrzeg.pl\/index.php\/wp-json\/wp\/v2\/comments?post=38"}],"version-history":[{"count":25,"href":"https:\/\/ikstarnobrzeg.pl\/index.php\/wp-json\/wp\/v2\/pages\/38\/revisions"}],"predecessor-version":[{"id":38019,"href":"https:\/\/ikstarnobrzeg.pl\/index.php\/wp-json\/wp\/v2\/pages\/38\/revisions\/38019"}],"wp:featuredmedia":[{"embeddable":true,"href":"https:\/\/ikstarnobrzeg.pl\/index.php\/wp-json\/wp\/v2\/media\/24164"}],"wp:attachment":[{"href":"https:\/\/ikstarnobrzeg.pl\/index.php\/wp-json\/wp\/v2\/media?parent=38"}],"curies":[{"name":"wp","href":"https:\/\/api.w.org\/{rel}","templated":true}]}}