{"id":37568,"date":"2024-07-02T13:39:47","date_gmt":"2024-07-02T11:39:47","guid":{"rendered":"http:\/\/ikstarnobrzeg.pl\/?page_id=37568"},"modified":"2025-04-25T14:54:51","modified_gmt":"2025-04-25T12:54:51","slug":"zarzad-klubu-2024-2028","status":"publish","type":"page","link":"https:\/\/ikstarnobrzeg.pl\/index.php\/zarzad-klubu-2024-2028\/","title":{"rendered":"Zarz\u0105d Klubu 2024 &#8211; 2028"},"content":{"rendered":"<div class=\"wpb-content-wrapper\"><p>[vc_row][vc_column]<div class=\"gem-team row inline-row gem-team-style-1\" >\n<div class=\"col-md-4 col-sm-6 col-xs-12 inline-column\"> <div id=\"post-37577\" class=\"team-person centered-box default-background post-37577 thegem_team_person type-thegem_team_person status-publish has-post-thumbnail\" style=\" \"> <div class=\"team-person-image\"><span><img width=\"240\" height=\"240\" src=\"https:\/\/ikstarnobrzeg.pl\/wp-content\/uploads\/2018\/06\/J.-CHAMOT-1-thegem-person-240.jpg\" class=\"img-responsive wp-post-image\" alt=\"J. CHAMOT 1\" srcset=\"https:\/\/ikstarnobrzeg.pl\/wp-content\/uploads\/2018\/06\/J.-CHAMOT-1-thegem-person.jpg 2x\" sizes=\"100vw\" \/><\/span><\/div> <div class=\"team-person-info\"> <div class=\"team-person-name title-h4\" >Janusz Chamot prezes<\/div> <\/div> <a class=\"team-person-link\" href=\"#janusz-chamot-prezes\" target=\"_self\"><\/a>\t<\/div>\n<\/div> <div class=\"col-md-4 col-sm-6 col-xs-12 inline-column\"> <div id=\"post-37578\" class=\"team-person centered-box default-background post-37578 thegem_team_person type-thegem_team_person status-publish has-post-thumbnail\" style=\" \"> <div class=\"team-person-image\"><span><img width=\"240\" height=\"240\" src=\"https:\/\/ikstarnobrzeg.pl\/wp-content\/uploads\/2018\/06\/292007936_412309390933809_5379343052695051076_n-22-thegem-person-240.jpg\" class=\"img-responsive wp-post-image\" alt=\"292007936_412309390933809_5379343052695051076_n 22\" srcset=\"https:\/\/ikstarnobrzeg.pl\/wp-content\/uploads\/2018\/06\/292007936_412309390933809_5379343052695051076_n-22-thegem-person.jpg 2x\" sizes=\"100vw\" \/><\/span><\/div> <div class=\"team-person-info\"> <div class=\"team-person-name title-h4\" >Rajmund Zi\u0119ba wiceprezes do spraw promocji<\/div> <\/div> <a class=\"team-person-link\" href=\"#rajmund-zieba-wiceprezes\" target=\"_self\"><\/a>\t<\/div>\n<\/div> <div class=\"col-md-4 col-sm-6 col-xs-12 inline-column\"> <div id=\"post-37580\" class=\"team-person centered-box default-background post-37580 thegem_team_person type-thegem_team_person status-publish has-post-thumbnail\" style=\" \"> <div class=\"team-person-image\"><span><img width=\"240\" height=\"240\" src=\"https:\/\/ikstarnobrzeg.pl\/wp-content\/uploads\/2024\/07\/69916323_2211383918987730_2628073875488899072_n-thegem-person-240.jpg\" class=\"img-responsive wp-post-image\" alt=\"69916323_2211383918987730_2628073875488899072_n\" srcset=\"https:\/\/ikstarnobrzeg.pl\/wp-content\/uploads\/2024\/07\/69916323_2211383918987730_2628073875488899072_n-thegem-person.jpg 2x\" sizes=\"100vw\" \/><\/span><\/div> <div class=\"team-person-info\"> <div class=\"team-person-name title-h4\" >\u0141ukasz Delekta wiceprezes<\/div> <\/div> <a class=\"team-person-link\" href=\"#lukasz-delekta-wiceprezes\" target=\"_self\"><\/a>\t<\/div>\n<\/div> <div class=\"col-md-4 col-sm-6 col-xs-12 inline-column\"> <div id=\"post-37581\" class=\"team-person centered-box default-background post-37581 thegem_team_person type-thegem_team_person status-publish has-post-thumbnail\" style=\" \"> <div class=\"team-person-image\"><img width=\"240\" height=\"240\" src=\"https:\/\/ikstarnobrzeg.pl\/wp-content\/uploads\/2021\/11\/rogowski-thegem-person-240.jpg\" class=\"img-responsive wp-post-image\" alt=\"rogowski\" srcset=\"https:\/\/ikstarnobrzeg.pl\/wp-content\/uploads\/2021\/11\/rogowski-thegem-person.jpg 2x\" sizes=\"100vw\" \/><\/div> <div class=\"team-person-info\"> <div class=\"team-person-name title-h4\" >MATEUSZ ROGOWSKI cz\u0142onek zarz\u0105du<\/div> <\/div> <\/div>\n<\/div> <div class=\"col-md-4 col-sm-6 col-xs-12 inline-column\"> <div id=\"post-37582\" class=\"team-person centered-box default-background post-37582 thegem_team_person type-thegem_team_person status-publish has-post-thumbnail\" style=\" \"> <div class=\"team-person-image\"><img width=\"240\" height=\"240\" src=\"https:\/\/ikstarnobrzeg.pl\/wp-content\/uploads\/2018\/06\/walski-2-thegem-person-240.jpg\" class=\"img-responsive wp-post-image\" alt=\"walski\" srcset=\"https:\/\/ikstarnobrzeg.pl\/wp-content\/uploads\/2018\/06\/walski-2-thegem-person.jpg 2x\" sizes=\"100vw\" \/><\/div> <div class=\"team-person-info\"> <div class=\"team-person-name title-h4\" >Mateusz Walski cz\u0142onek zarz\u0105du<\/div> <\/div> <\/div>\n<\/div> <div class=\"col-md-4 col-sm-6 col-xs-12 inline-column\"> <div id=\"post-23911\" class=\"team-person centered-box default-background post-23911 thegem_team_person type-thegem_team_person status-publish has-post-thumbnail\" style=\" \"> <div class=\"team-person-image\"><img width=\"240\" height=\"240\" src=\"https:\/\/ikstarnobrzeg.pl\/wp-content\/uploads\/2018\/06\/GRA\u017bYNA-G\u0104DEK-1-thegem-person-240.jpg\" class=\"img-responsive wp-post-image\" alt=\"GRA\u017bYNA G\u0104DEK 1\" srcset=\"https:\/\/ikstarnobrzeg.pl\/wp-content\/uploads\/2018\/06\/GRA\u017bYNA-G\u0104DEK-1-thegem-person.jpg 2x\" sizes=\"100vw\" \/><\/div> <div class=\"team-person-info\"> <div class=\"team-person-name title-h4\" >Gra\u017cyna G\u0105dek Przewodnicz\u0105ca komisji rewizyjnej<\/div> <\/div> <\/div>\n<\/div> <div class=\"col-md-4 col-sm-6 col-xs-12 inline-column\"> <div id=\"post-23986\" class=\"team-person centered-box default-background post-23986 thegem_team_person type-thegem_team_person status-publish has-post-thumbnail\" style=\" \"> <div class=\"team-person-image\"><img width=\"240\" height=\"240\" src=\"https:\/\/ikstarnobrzeg.pl\/wp-content\/uploads\/2018\/06\/K.-KOWALSKI-2-thegem-person-240.jpg\" class=\"img-responsive wp-post-image\" alt=\"K. KOWALSKI 2\" srcset=\"https:\/\/ikstarnobrzeg.pl\/wp-content\/uploads\/2018\/06\/K.-KOWALSKI-2-thegem-person.jpg 2x\" sizes=\"100vw\" \/><\/div> <div class=\"team-person-info\"> <div class=\"team-person-name title-h4\" >Krzysztof Kowalski cz\u0142onek komisji rewizyjnej<\/div> <\/div> <\/div>\n<\/div> <div class=\"col-md-4 col-sm-6 col-xs-12 inline-column\"> <div id=\"post-33205\" class=\"team-person centered-box default-background post-33205 thegem_team_person type-thegem_team_person status-publish has-post-thumbnail\" style=\" \"> <div class=\"team-person-image\"><img width=\"240\" height=\"240\" src=\"https:\/\/ikstarnobrzeg.pl\/wp-content\/uploads\/2019\/10\/ps-3-thegem-person-240.jpg\" class=\"img-responsive wp-post-image\" alt=\"ps-3\" srcset=\"https:\/\/ikstarnobrzeg.pl\/wp-content\/uploads\/2019\/10\/ps-3-thegem-person.jpg 2x\" sizes=\"100vw\" \/><\/div> <div class=\"team-person-info\"> <div class=\"team-person-name title-h4\" >Piotr Sokalski cz\u0142onek komisji rewizyjnej<\/div> <\/div> <\/div>\n<\/div>\n<\/div>[\/vc_column][\/vc_row][vc_section el_id=&#8221;hidden-section&#8221;][vc_row equal_height=&#8221;yes&#8221; el_id=&#8221;rajmund-zieba-wiceprezes&#8221;][vc_column width=&#8221;1\/2&#8243;]<div class=\"centered-box gem-image-centered-box\" ><div class=\"gem-image gem-wrapbox gem-wrapbox-style-1 gem-wrapbox-position-centered  thegem-custom-69e2e76d7c575271\"  style=\"width: 40%;height: 40%;\" ><div class=\"gem-wrapbox-inner \" ><img class=\"gem-wrapbox-element img-responsive\" src=\"https:\/\/ikstarnobrzeg.pl\/wp-content\/uploads\/2018\/06\/R2.jpg\" alt=\"Rajmund Zi\u0119ba\"\/><\/div><\/div><\/div>[\/vc_column][vc_column width=&#8221;1\/2&#8243;][vc_column_text css=&#8221;&#8221;]<strong>RAJMUND ZI\u0118BA<\/strong><\/p>\n<p>WICEPREZES W KLUBIE: od 2024<br \/>\nPREZES W KLUBIE: 2004 -2024<\/p>\n<p>ZAINTERESOWANIA: Sport, Muzyka,\u00a0 film, medycyna naturalna.<\/p>\n<p>OSI\u0104GNI\u0118CIA W PRACY DZIA\u0141ACZA, SPO\u0141ECZNIKA 1999-2024:<\/p>\n<p><strong>2023\/2024<br \/>\n<\/strong>Pomys\u0142odawca i organizator pierwszego cyklu 6 turniej\u00f3w Grand Prix Tarnobrzega i Powiatu Tarnobrzeskiego w Tenisie Sto\u0142owym sezon 2023\/24<\/p>\n<p><strong>2023<br \/>\n<\/strong>Organizator Dru\u017cynowych Mistrzostw Polski w Tenisie Sto\u0142owym w Tarnobrzegu<br \/>\nOrganizator mi\u0119dzynarodowego XVI Turnieju S\u0142owian w Tenisie Sto\u0142owym na W\u00f3zkach &#8211; Tarnobrzeg 2023<br \/>\nOrganizator Turnieju o Indywidualne Mistrzostwo 1 i 2 Amatorskiej Ligi Tenisa Sto\u0142owego w Tarnobrzegu sezon 2022\/23<\/p>\n<p><strong>2022<br \/>\n<\/strong>Organizator Dru\u017cynowych Mistrzostw Polski w Tenisie Sto\u0142owym w Tarnobrzegu<br \/>\nPodczas otwarcia zawod\u00f3w uhonorowany zosta\u0142 przez przedstawiciela PZTS Marka Zalewskiego i Prezydenta Tarnobrzega Dariusza Bo\u017cka medalem 90-lecia Istnienia Polskiego Zwi\u0105zku Tenisa Sto\u0142owego<br \/>\nOrganizator wraz z Micha\u0142em Piekarczykiem Amatorskiej Ligi Tenisa Sto\u0142owego w Tarnobrzegu sezon 2022 i sezon 2022\/23<\/p>\n<p><strong>2016 &#8211; 2022<br \/>\n<\/strong>Wsp\u00f3\u0142organizator Amatorskiej Ligi Tenisa Sto\u0142owego w Tarnobrzegu &#8211; 6 sezon\u00f3w, od sezonu 2016\/17 do sezonu 2021\/22.<br \/>\nLigi integracyjnej, jedynej takiej w kraju gdzie mog\u0105 ze sob\u0105 rywalizowa\u0107 wszyscy.\u00a0Osoby pe\u0142nosprawne i osoby niepe\u0142nosprawne min. na w\u00f3zkach.<br \/>\nPrzy stole tenisowym w naszych rozgrywkach spotkaj\u0105 si\u0119 m\u0142odzie\u017c, seniorzy i weterani, kobiety i m\u0119\u017cczy\u017ani.<\/p>\n<p><strong>2021<br \/>\n<\/strong>Organizator II Integracyjnego Turnieju Tenisa Sto\u0142owego<\/p>\n<p><strong>2019<\/strong><br \/>\nOrganizator I Integracyjnego Turnieju Tenisa Sto\u0142owego na 15 lecie IKS JEZIORO Tarnobrzeg<\/p>\n<p><strong>2017 &#8211; 2022<br \/>\n<\/strong>Organizator mi\u0119dzynarodowego XV Turnieju S\u0142owian w Tenisie Sto\u0142owym na W\u00f3zkach<br \/>\nOrganizator Turnieju o Indywidualne Mistrzostwo Amatorskiej Ligi Tenisa Sto\u0142owego w Tarnobrzegu co roku od sezonu 2016\/17 do sezonu 2022<\/p>\n<p><strong>2016<\/strong><br \/>\nOrganizator II Turnieju Dru\u017cynowego w Tenisie Sto\u0142owym Os\u00f3b Niepe\u0142nosprawnych TEAM CUP PARA TABLE TENNIS<\/p>\n<p><strong>2014<\/strong><br \/>\nOrganizator I Turnieju Dru\u017cynowego w Tenisie Sto\u0142owym Os\u00f3b Niepe\u0142nosprawnych TEAM CUP PARA TABLE TENNIS<\/p>\n<p><strong>2011-2014<\/strong><br \/>\nPe\u0142nomocnik Prezydenta Miasta Tarnobrzega ds. Os\u00f3b Niepe\u0142nosprawnych<\/p>\n<p><strong>2013<br \/>\n<\/strong>Odznaczony br\u0105zow\u0105 Odznak\u0105 \u201eZa Zas\u0142ugi dla Sportu\u201d przez Minister Sportu i Turystyki Joann\u0119 Much\u0119<\/p>\n<p><strong>2011- 2013<\/strong><br \/>\nOrganizator Mi\u0119dzynarodowego Dru\u017cynowego Turnieju S\u0142owian w Tenisie Sto\u0142owym na W\u00f3zkach<\/p>\n<p><strong>2008 &#8211; 2016<br \/>\n<\/strong>Organizator odbywaj\u0105cego si\u0119 co roku przez 9 lat &#8211; Turnieju Tenisa Sto\u0142owego Najlepszych w Polsce Zawodnik\u00f3w na W\u00f3zkach TOP 10 \u2013 TETRA TOP \u2013 TOP\u00a0\u00a0 KOBIET Tarnobrzeg<\/p>\n<p><strong>2007<\/strong><br \/>\nJego dzia\u0142ania, starania i pomoc Prezesa Adama Borczucha, doprowadzaj\u0105\u00a0 po raz pierwszy w historii tenisa sto\u0142owego do startu na Indywidualnych Mistrzostwach Polski klasy startowej 1-2 &#8222;tetra&#8221; zawodnik\u00f3w na w\u00f3zkach najbardziej poszkodowanych ruchowo.<br \/>\nOrganizator Plebiscytu Sportowego na 10 Najlepszych Sportowc\u00f3w Sprawnych i Niepe\u0142nosprawnych Powiatu Tarnobrzeskiego 2007<br \/>\nOrganizator po raz pierwszy w Polsce Turnieju Tenisa Sto\u0142owego\u00a0 Najlepszych Zawodnik\u00f3w na W\u00f3zkach \u201eTOP 8 Tarnobrzeg 2007\u201d i \u201eTETRA TOP Tarnobrzeg 2007\u201d<\/p>\n<p><strong>2006<\/strong><br \/>\nOrganizator I Meczu Integracyjnego w Tenisie Sto\u0142owym &#8211; 15-krotne Mistrzynie Polski KTS Elpe &#8211; Eltex Tarnobrzeg z zawodnikami niepe\u0142nosprawnymi ruchowo IKS Tarnobrzeg<\/p>\n<p><strong>2005<\/strong><br \/>\nOrganizator akcji \u201eBariery Tarnobrzega\u201d (wykonanie ponad 100 zdj\u0119\u0107 barier architektonicznych)<br \/>\nOrganizator I Integracyjnego Turnieju w Tenisie Sto\u0142owym. Wsp\u00f3\u0142organizator zawod\u00f3w w podnoszeniu ci\u0119\u017car\u00f3w i tr\u00f3jboju si\u0142owym w Tarnobrzegu<\/p>\n<p><strong>2004<\/strong><br \/>\nInicjator i za\u0142o\u017cyciel wraz z Janem Dryk\u0105, \u00a0klubu sportowego IKS Tarnobrzeg<\/p>\n<p><strong>2002<\/strong><br \/>\nInicjator budowy podjazdu do Akademika Rotacyjnego na AWF w Warszawie<\/p>\n<p><strong>2001<\/strong><br \/>\nOrganizator wystawy sprz\u0119tu rehabilitacyjnego w Tarnobrzegu<\/p>\n<p><strong>2000 i 2001<br \/>\n<\/strong>Wyr\u00f3\u017cniony i uhonorowany przez Marsza\u0142ka Wojew\u00f3dztwa Podkarpackiego za prac\u0119 i zaanga\u017cowanie w propagowaniu sportu w \u015brodowisku Os\u00f3b Niepe\u0142nosprawnych oraz sukcesy sportowe<\/p>\n<p><strong>2000<\/strong><br \/>\nOrganizator I Mistrzostw Tarnobrzega w Tenisie Sto\u0142owym Os\u00f3b Niepe\u0142nosprawnych Ruchowo<\/p>\n<p><strong>1999 \u2013 2018<\/strong><br \/>\nOrganizator akcji spo\u0142ecznej \u201eAkcja Bezpieczne Wakacje \u2013 Stop Bezmy\u015blnym Skokom na G\u0142ow\u0119 do Wody\u201d<\/p>\n<p><strong>1999 \u2013 2001<\/strong><br \/>\nZa\u0142o\u017cyciel, prezes Stowarzyszenia \u201eIntegracja Stowarzyszenie Sprawnych Inaczej i Przyjaci\u00f3\u0142\u201d w Tarnobrzegu. Tw\u00f3rca sportu niepe\u0142nosprawnych (tenis sto\u0142owy i p\u0142ywanie)<\/p>\n<p><strong>1999 \u2013 2019<\/strong>\u00a0 \u00a0Wsp\u00f3\u0142praca z dziennikarzami z prasy, radia, telewizji lokalnej i og\u00f3lnopolskiej (konferencje, wywiady, artyku\u0142y, reporta\u017ce)[\/vc_column_text][\/vc_column][\/vc_row][vc_row equal_height=&#8221;yes&#8221; el_id=&#8221;janusz-chamot-prezes&#8221;][vc_column width=&#8221;1\/2&#8243;]<div class=\"centered-box gem-image-centered-box\" ><div class=\"gem-image gem-wrapbox gem-wrapbox-style-1 gem-wrapbox-position-centered  thegem-custom-69e2e76d7e3ff2669\"  style=\"width: 40%;height: 40%;\" ><div class=\"gem-wrapbox-inner \" ><img class=\"gem-wrapbox-element img-responsive\" src=\"https:\/\/ikstarnobrzeg.pl\/wp-content\/uploads\/2018\/06\/J.-CHAMOT-1.jpg\" alt=\"Janusz Chamot\"\/><\/div><\/div><\/div>[\/vc_column][vc_column width=&#8221;1\/2&#8243;][vc_column_text css=&#8221;&#8221;]<strong>JANUSZ CHAMOT<\/strong><\/p>\n<p>PREZES W KLUBIE: od 2024<br \/>\nWICEPREZES W KLUBIE: 2020 -2024<\/p>\n<p>ZAINTERESOWANIA: Sporty lotnicze, paralotnia, dobry film, dobra ksi\u0105\u017cka, motosport, pi\u0142ka no\u017cna<\/p>\n<p><strong>2024\/2025<br \/>\n<\/strong>Organizator drugiego cyklu 6 turniej\u00f3w Grand Prix Tarnobrzega i Powiatu Tarnobrzeskiego w Tenisie Sto\u0142owym sezon 2024\/25<\/p>\n<p><strong>2023\/2024<br \/>\n<\/strong>Wsp\u00f3\u0142organizator pierwszego cyklu 6 turniej\u00f3w Grand Prix Tarnobrzega i Powiatu Tarnobrzeskiego w Tenisie Sto\u0142owym sezon 2023\/24[\/vc_column_text][\/vc_column][\/vc_row][vc_row equal_height=&#8221;yes&#8221; el_id=&#8221;lukasz-delekta-wiceprezes&#8221;][vc_column width=&#8221;1\/2&#8243;]<div class=\"centered-box gem-image-centered-box\" ><div class=\"gem-image gem-wrapbox gem-wrapbox-style-1 gem-wrapbox-position-centered  thegem-custom-69e2e76d7e45b832\"  style=\"width: 40%;height: 40%;\" ><div class=\"gem-wrapbox-inner \" ><img class=\"gem-wrapbox-element img-responsive\" src=\"https:\/\/ikstarnobrzeg.pl\/wp-content\/uploads\/2024\/07\/69916323_2211383918987730_2628073875488899072_n.jpg\" alt=\"\u0141ukasz Delekta\"\/><\/div><\/div><\/div>[\/vc_column][vc_column width=&#8221;1\/2&#8243;][vc_column_text css=&#8221;&#8221;]<strong>\u0141UKASZ DELEKTA<\/strong><\/p>\n<p>WICEPREZES W KLUBIE: od 2024<\/p>\n<p>ZAINTERESOWANIA: Pi\u0142ka no\u017cna, dobry film, psychologia, bilard<\/p>\n<p><strong>2024\/2025<br \/>\n<\/strong>Organizator drugiego cyklu 6 turniej\u00f3w Grand Prix Tarnobrzega i Powiatu Tarnobrzeskiego w Tenisie Sto\u0142owym sezon 2024\/25[\/vc_column_text][\/vc_column][\/vc_row][\/vc_section]<\/p>\n<\/div>","protected":false},"excerpt":{"rendered":"<p>[vc_row][vc_column][\/vc_column][\/vc_row][vc_section el_id=&#8221;hidden-section&#8221;][vc_row equal_height=&#8221;yes&#8221; el_id=&#8221;rajmund-zieba-wiceprezes&#8221;][vc_column width=&#8221;1\/2&#8243;][\/vc_column][vc_column width=&#8221;1\/2&#8243;][vc_column_text css=&#8221;&#8221;]RAJMUND ZI\u0118BA WICEPREZES W KLUBIE: od 2024 PREZES W KLUBIE: 2004 -2024 ZAINTERESOWANIA: Sport,&#8230;<\/p>\n","protected":false},"author":1,"featured_media":0,"parent":0,"menu_order":51,"comment_status":"closed","ping_status":"closed","template":"","meta":{"footnotes":""},"class_list":["post-37568","page","type-page","status-publish"],"_links":{"self":[{"href":"https:\/\/ikstarnobrzeg.pl\/index.php\/wp-json\/wp\/v2\/pages\/37568","targetHints":{"allow":["GET"]}}],"collection":[{"href":"https:\/\/ikstarnobrzeg.pl\/index.php\/wp-json\/wp\/v2\/pages"}],"about":[{"href":"https:\/\/ikstarnobrzeg.pl\/index.php\/wp-json\/wp\/v2\/types\/page"}],"author":[{"embeddable":true,"href":"https:\/\/ikstarnobrzeg.pl\/index.php\/wp-json\/wp\/v2\/users\/1"}],"replies":[{"embeddable":true,"href":"https:\/\/ikstarnobrzeg.pl\/index.php\/wp-json\/wp\/v2\/comments?post=37568"}],"version-history":[{"count":11,"href":"https:\/\/ikstarnobrzeg.pl\/index.php\/wp-json\/wp\/v2\/pages\/37568\/revisions"}],"predecessor-version":[{"id":38316,"href":"https:\/\/ikstarnobrzeg.pl\/index.php\/wp-json\/wp\/v2\/pages\/37568\/revisions\/38316"}],"wp:attachment":[{"href":"https:\/\/ikstarnobrzeg.pl\/index.php\/wp-json\/wp\/v2\/media?parent=37568"}],"curies":[{"name":"wp","href":"https:\/\/api.w.org\/{rel}","templated":true}]}}