{"id":36126,"date":"2022-10-09T12:54:00","date_gmt":"2022-10-09T10:54:00","guid":{"rendered":"http:\/\/ikstarnobrzeg.pl\/?page_id=36126"},"modified":"2025-08-26T12:43:47","modified_gmt":"2025-08-26T10:43:47","slug":"wesprzyj-nas-2","status":"publish","type":"page","link":"https:\/\/ikstarnobrzeg.pl\/index.php\/wesprzyj-nas-2\/","title":{"rendered":"Wesprzyj nas!"},"content":{"rendered":"<p><span style=\"font-family: Oswald, serif;\"><span style=\"font-size: xx-large;\">Pom\u00f3\u017c nam! Dofinansuj nasz\u0105 dzia\u0142alno\u015b\u0107!<\/span><\/span><\/p>\n<p><b><span style=\"color: #555555;\">Dane do przelewu tradycyjnego:<\/span><\/b><\/p>\n<p><span style=\"color: #555555;\">Numer konta BNP Paribas S.A.:<br \/>\n<\/span><b><span style=\"color: #555555;\">03 2030 0045 1110 0000 0427 1640<\/span><\/b><\/p>\n<p><span style=\"color: #555555;\">IBAN number:<br \/>\n<\/span><b><span style=\"color: #555555;\">PL03 2030 0045 1110 0000 0427 1640<\/span><\/b><\/p>\n<p><span style=\"color: #555555;\">BIC\/SWIFT BNP Paribas S.A.:<br \/>\n<\/span><b><span style=\"color: #555555;\">PPABPLPK<\/span><\/b><\/p>\n<p><b><span style=\"color: #555555;\">INTEGRACYJNY KLUB SPORTOWY JEZIORO TARNOBRZEG<\/span><\/b><span style=\"color: #555555;\"><br \/>\nul. \u015aw. Barbary 1<br \/>\n39-400 Tarnobrzeg<\/span><\/p>\n<p><b><span style=\"color: #555555;\">Ka\u017cda przekazana z\u0142ot\u00f3wka zostanie wykorzystana zgodnie z \u017cyczeniem darczy\u0144cy:<\/span><\/b><span style=\"color: #555555;\"><br \/>\n\u2013 na cele statutowe \u2013 rozw\u00f3j klubu IKS JEZIORO Tarnobrzeg<br \/>\n\u2013 na organizacj\u0119 trening\u00f3w<\/span> <span style=\"color: #555555;\">gdzie<\/span> <span style=\"color: #555555;\">razem wsp\u00f3lnie trenuj\u0105 zawodnicy z r\u00f3\u017cn\u0105 niesprawno\u015bci\u0105 ruchow\u0105 oraz sprawna m\u0142odzie\u017c i weterani;<br \/>\n\u2013 na organizacj\u0119 oboz\u00f3w sportowych;<\/span><br \/>\n<span style=\"color: #555555;\">\u2013 na wyjazdy zawodnik\u00f3w na zawody sportowe;<br \/>\n\u2013 na dojazdy zawodnik\u00f3w na treningi;<br \/>\n\u2013 na zakup sprz\u0119tu sportowego i stroj\u00f3w sportowych;<br \/>\n\u2013 na promocj\u0119 klubu;<br \/>\n\u2013 na organizacj\u0119 zawod\u00f3w sportowych<br \/>\n<\/span><\/p>\n<p><b><span style=\"color: #555555;\">Dzi\u0119kujemy!<\/span><\/b><\/p>\n<p><b><span style=\"color: #555555;\">Mo\u017cna przekazywa\u0107 r\u00f3wnie\u017c na nasz\u0105 dzia\u0142alno\u015b\u0107 1,5%.<br \/>\nWystarczy tylko podczas wype\u0142niania formularza PIT wpisa\u0107 <\/span><\/b><b><span style=\"color: #ff0000;\">KRS: 0000270261<\/span><\/b><b><span style=\"color: #555555;\"><br \/>\noraz poni\u017cszy cel szczeg\u00f3\u0142owy: <\/span><\/b><b><span style=\"color: #ff0000;\">IKS JEZIORO TARNOBRZEG 7823<\/span><\/b><\/p>\n<p>&nbsp;<\/p>\n","protected":false},"excerpt":{"rendered":"<p>Pom\u00f3\u017c nam! Dofinansuj nasz\u0105 dzia\u0142alno\u015b\u0107! Dane do przelewu tradycyjnego: Numer konta BNP Paribas S.A.: 03 2030 0045 1110 0000 0427&#8230;<\/p>\n","protected":false},"author":1,"featured_media":0,"parent":0,"menu_order":45,"comment_status":"closed","ping_status":"closed","template":"","meta":{"footnotes":""},"class_list":["post-36126","page","type-page","status-publish"],"_links":{"self":[{"href":"https:\/\/ikstarnobrzeg.pl\/index.php\/wp-json\/wp\/v2\/pages\/36126","targetHints":{"allow":["GET"]}}],"collection":[{"href":"https:\/\/ikstarnobrzeg.pl\/index.php\/wp-json\/wp\/v2\/pages"}],"about":[{"href":"https:\/\/ikstarnobrzeg.pl\/index.php\/wp-json\/wp\/v2\/types\/page"}],"author":[{"embeddable":true,"href":"https:\/\/ikstarnobrzeg.pl\/index.php\/wp-json\/wp\/v2\/users\/1"}],"replies":[{"embeddable":true,"href":"https:\/\/ikstarnobrzeg.pl\/index.php\/wp-json\/wp\/v2\/comments?post=36126"}],"version-history":[{"count":9,"href":"https:\/\/ikstarnobrzeg.pl\/index.php\/wp-json\/wp\/v2\/pages\/36126\/revisions"}],"predecessor-version":[{"id":38566,"href":"https:\/\/ikstarnobrzeg.pl\/index.php\/wp-json\/wp\/v2\/pages\/36126\/revisions\/38566"}],"wp:attachment":[{"href":"https:\/\/ikstarnobrzeg.pl\/index.php\/wp-json\/wp\/v2\/media?parent=36126"}],"curies":[{"name":"wp","href":"https:\/\/api.w.org\/{rel}","templated":true}]}}