{"id":36,"date":"2018-02-02T10:33:11","date_gmt":"2018-02-02T09:33:11","guid":{"rendered":"http:\/\/ikstarnobrzeg.pl\/?page_id=36"},"modified":"2025-08-09T14:21:23","modified_gmt":"2025-08-09T12:21:23","slug":"historia-klubu","status":"publish","type":"page","link":"https:\/\/ikstarnobrzeg.pl\/index.php\/historia-klubu\/","title":{"rendered":"Historia Klubu"},"content":{"rendered":"<div class=\"wpb-content-wrapper\"><p>[vc_row][vc_column][vc_column_text css=&#8221;&#8221;]<\/p>\n<p style=\"font-weight: 400;\"><span class=\"_5mfr\"><span class=\"_6qdm\">\u2705<\/span><\/span>\u00a0Pomys\u0142odawc\u0105 za\u0142o\u017cenia klub jest Rajmund Zi\u0119ba, kt\u00f3ry wraz z Janem Dryk\u0105 trenerem podnoszenia ci\u0119\u017car\u00f3w w 2004 roku postanowili razem stworzy\u0107 klub sportowy,<br \/>\nw kt\u00f3rym mog\u0142yby trenowa\u0107 i realizowa\u0107 swoje pasje zar\u00f3wno osoby pe\u0142nosprawne jaki osoby z ro\u017cn\u0105 niesprawno\u015bci\u0105.<br \/>\n<span class=\"_5mfr\"><span class=\"_6qdm\">\u27a1\ufe0f<\/span><\/span>\u00a0Na pocz\u0105tku w IKS-e istnia\u0142y trzy sekcje sportowe (p\u0142ywania, tenisa sto\u0142owego i podnoszenia ci\u0119\u017car\u00f3w).<br \/>\n<span class=\"_5mfr\"><span class=\"_6qdm\">\u27a1\ufe0f<\/span><\/span>\u00a0Obecnie prowadzimy tylko integracyjn\u0105 sekcje sportow\u0105 tenisa sto\u0142owego.<br \/>\n&#8222;Sport jest jeden &#8211; \u0142\u0105czy Nas tenis sto\u0142owy&#8221;<\/p>\n<p style=\"line-height: 150%;\"><span class=\"_5mfr\"><span class=\"_6qdm\">\u27a1\ufe0f<\/span><\/span> Prowadzimy profesjonalne treningi sportowe dla os\u00f3b z r\u00f3\u017cn\u0105 niesprawno\u015bci\u0105 ruchow\u0105 oraz dla os\u00f3b sprawnych m\u0142odzie\u017cy, weteran\u00f3w.<br \/>\nTreningi tenisa sto\u0142owego dla os\u00f3b z niepe\u0142nosprawno\u015bciami to doskona\u0142a rehabilitacja poprzez sport.<\/p>\n<p style=\"line-height: 150%;\"><span class=\"_5mfr\"><span class=\"_6qdm\">\u27a1\ufe0f<\/span><\/span>\u00a0Jeste\u015bmy jednym z nielicznych klub\u00f3w w naszym regionie, kt\u00f3ry przez sport paraolimpijski promuj\u0105 nasze miasto, nasz region i nasz kraj na arenach krajowych i mi\u0119dzynarodowych.<\/p>\n<p><strong>Wa\u017cniejsze daty z historii klubu<\/strong><\/p>\n<p><strong>2004<br \/>\n<\/strong>18 pa\u017adziernika 2004 roku zostaje zarejestrowany<strong> Integracyjny Klub Sportowy Tarnobrzeg<\/strong> (Stowarzyszenie kultury fizycznej o zasi\u0119gu og\u00f3lnopolskim).<br \/>\nDzia\u0142aj\u0105 w nim z trzy sekcje integracyjne (tenisa sto\u0142owego, p\u0142ywania i podnoszenia ci\u0119\u017car\u00f3w).<br \/>\nW sekcjach tych trenowali zawodnicy niepe\u0142nosprawni ruchowo i sprawni.<\/p>\n<p><strong>2005<\/strong><br \/>\nRozpocz\u0119cie wsp\u00f3\u0142pracy z firma SELTAR<br \/>\nLetnie Mistrzostwa Polski w P\u0142ywaniu w Gorzowie Wielkopolskim i dwa medale Jacka Czecha<br \/>\n3 grudnia 2005 roku (sobota) w ma\u0142ej hali OSiR w Tarnobrzegu organizujemy I Integracyjny Turniej w Tenisie Sto\u0142owym.<br \/>\nW zawodach wzi\u0119\u0142o udzia\u0142 40 niepe\u0142nosprawnych i sprawnych zawodnik\u00f3w z Sanoka, Tarnowa, Ostrowca \u015aw., Opatowa, Medyki, Stalowej Woli, Tarnobrzega i okolic.<\/p>\n<p><strong>2006<br \/>\nPIERWSZY MEDAL W TENISIE STO\u0141OWYM<\/strong><br \/>\nIndywidualne Mistrzostwa Polski, Cetniewo<br \/>\nMaciej Nalepka &#8211; srebrny medal w turnieju indywidualnym<\/p>\n<p><strong>DEBIUT W ZAWODACH MI\u0118DZYNARODOWYCH<\/strong><br \/>\nTurniej \u201ePolish Open\u201d, Cetniewo &#8211; Krzysztof \u017by\u0142ka<\/p>\n<p><strong>DEBIUT W PUCHARZE POLSKI<u><br \/>\n<\/u><\/strong>Puchar Polski, Siedlce<u><br \/>\n<\/u>Maciej Nalepka &#8211; br\u0105zowy medal w turnieju indywidualnym<br \/>\nDru\u017cyny IKS Tarnobrzeg 12 miejsce (w sk\u0142adzie Gra\u017cyna G\u0105dek, Krzysztof \u017by\u0142ka, Maciej Nalepka i Krzysztof Kowalski)<\/p>\n<p>22 kwietnia 2006 r na Hali Widowiskowo &#8211; Sportowej OSiR w Tarnobrzegu odby\u0142y si\u0119 I Otwarte Mistrzostwa Podkarpacia w Tr\u00f3jboju Si\u0142owym, czyli &#8222;Rywalizacja si\u0142aczy i specjalne rodzime pokazy!&#8221;<\/p>\n<p><strong>2007<br \/>\nPIERWSZY MEDAL MI\u0118DZYNARODOWY W TENISIE STO\u0141OWYM<br \/>\n<\/strong>Pro-Tur US Open, Chicago 2007<br \/>\nKrzysztof \u017by\u0142ka &#8211; srebrny medal w dru\u017cynie z zawodnikiem z Izraela Liranem Geva<strong><br \/>\n<\/strong><br \/>\n<strong>PIERWSZY WI\u0118KSZY SUKCES<br \/>\n<\/strong>Indywidualne Mistrzostwa Polski, Radom 5 medali (z\u0142oty, 3 srebrne i 1 br\u0105zowy)<u><br \/>\n<\/u>Organizujemy \u201eGala Si\u0142aczy Tarnobrzeg 2007\u201d<\/p>\n<p>18-19 sierpnia organizujemy po raz pierwszy Turniej Tenisa Sto\u0142owego Najlepszych w Polsce Zawodnik\u00f3w na W\u00f3zkach TOP 10 &#8211; TETRA TOP \u2013 TOP\u00a0\u00a0 KOBIET Tarnobrzeg 2007<\/p>\n<p><strong>2008<br \/>\n<\/strong>We wrze\u015bniu rozpoczynamy wsp\u00f3\u0142prac\u0119 z Zespo\u0142em Szk\u00f3\u0142 Ponadgimnazjalnych nr 1 w Tarnobrzegu.<br \/>\nTworzymy tam baz\u0119 treningow\u0105, na hali sportowej mamy doskona\u0142e warunki\u00a0 do treningu i organizacji zawod\u00f3w sportowych.<br \/>\nRozpoczyna prac\u0119 jako trener Jerzy Baran<\/p>\n<p><strong>2009<br \/>\n<\/strong>Pod koniec roku, nowy trener w klubie Pawe\u0142 Matysiak i nowe nadzieje.<\/p>\n<p><strong>2011<br \/>\n<\/strong>30 lipca &#8211; po raz pierwszy wyst\u0119pujemy na zawodach sportowych pod now\u0105 nazw\u0105 IKS Jezioro Tarnobrzeg, promuj\u0105c tym samym na zawodach w kraju i po za jego granicami Tarnobrzeg i Jezioro Tarnobrzeskie<\/p>\n<p>10 listopada &#8211; Zarz\u0105d Polskiego Zwi\u0105zku Sportu Niepe\u0142nosprawnych \u201eStart\u201d przyjmuje Nasz klub do grona klub\u00f3w sportowych nale\u017c\u0105cych do tego zwi\u0105zku sportowego.<br \/>\nNale\u017cymy r\u00f3wnie\u017c do Polskiego Zwi\u0105zku Tenisa Sto\u0142owego i Podkarpackiego Okr\u0119gowego Zwi\u0105zku Tenisa Sto\u0142owego<\/p>\n<p><strong>PIERWSZY MEDAL DRU\u017bYNOWY<br \/>\n<\/strong>Dru\u017cynowe Mistrzostwa Polski, Drzonk\u00f3w<br \/>\nDru\u017cynowy Mistrz Polski \u2013 Krzysztof \u017by\u0142ka, Karolina P\u0119k, Maciej Nalepka i Marek Taczalski \u2013 trener Jacek Lachor<\/p>\n<p><strong>PIERWSZY MEDAL MISTRZOSTW EUROPY<br \/>\n<\/strong>Mistrzostw Europy \u2013 Chorwacja, Split<strong><br \/>\n<\/strong>Karolina P\u0119k \u2013 srebrny medal w turnieju dru\u017cynowym<br \/>\nKrzysztof \u017by\u0142ka\/Maciej Nalepka \u2013 5 miejsce w turnieju dru\u017cynowym<\/p>\n<p><strong>2012<br \/>\nPIERWSZY MEDAL PARAOLIMPIJSKI<br \/>\n<\/strong>Igrzyska Paraolimpijskie Londyn &#8211; 14 letnia Karolina P\u0119k \u2013 br\u0105zowy medal w turnieju dru\u017cynowym<\/p>\n<p><strong>2014<\/strong><br \/>\n<strong>PIERWSZY MEDAL MISTRZOSTW \u015aWIATA<br \/>\n<\/strong>Mistrzostwa \u015awiata \u2013 Chiny, Pekin<br \/>\nKarolina P\u0119k \u2013 srebrny medal w turnieju dru\u017cynowym<br \/>\nKrzysztof \u017by\u0142ka\/Maciej Nalepka \u2013 srebrny medal w turnieju dru\u017cynowym<br \/>\n<strong>X-LECIE KLUBU<\/strong><br \/>\n18 pa\u017adziernika 2014 r.\u00a0 odby\u0142o si\u0119 uroczyste spotkanie i obchody 10-lecia dzia\u0142alno\u015bci klubu w siedzibie Sp\u00f3\u0142dzielni Socjalnej Konar w Tarnobrzegu przy ul. \u015aw. Barbary 1.<\/p>\n<p><strong>2016<br \/>\nREKORDOWY ROK<\/strong> <strong><br \/>\n<\/strong>Igrzyska Paraolimpijskie Rio de Janerio \u2013 uczestniczy 3 zawodnik\u00f3w z IKS<br \/>\nKarolina P\u0119k \u2013 z\u0142oty medal w turnieju dru\u017cynowym (po raz pierwszy w historii zosta\u0142y pokonane zawodniczki z Chin) oraz br\u0105zowy w turnieju indywidualnym<br \/>\nDebiutuj\u0105\u00a0Krzysztof \u017by\u0142ka i Maciej Nalepka<\/p>\n<p>Turnieje mi\u0119dzynarodowe Pro-Tury<br \/>\nChina Open 2016, Beijing (China)<br \/>\nKrzysztof \u017bY\u0141KA srebrny medal dru\u017cyna kl. 4-5<br \/>\nSlovakia Open 2016, Bratislava (Slovak Republic)<br \/>\nKrzysztof \u017bY\u0141KA srebrny medal indywidualnie w kl. 4, srebrny medal dru\u017cyna kl. 4<br \/>\nMaciej NALEPKA\u00a0srebrny medal dru\u017cyna kl. 3<br \/>\n13th Slovenian Open, Lasko (Slovenia)<br \/>\nKrzysztof \u017bY\u0141KA z\u0142oty medal dru\u017cyna kl. 4<\/p>\n<p>Indywidualne Mistrzostwa Polski, Gda\u0144sk<br \/>\n19 medali (5 z\u0142ote, 3 srebrne i 11 br\u0105zowych)<\/p>\n<p>Dru\u017cynowe Mistrzostwa Polski, Gda\u0144sk<br \/>\nDru\u017cynowy Mistrz Polski \u2013 Maciej Nalepka, Karolina P\u0119k, Pawe\u0142 Mazuryk, Mariusz Matejek i Pawe\u0142 W\u0142odyka \u2013 trener Jacek Lachor.<br \/>\nZostajemy wsp\u00f3\u0142organizatorem wraz ze stowarzyszeniem Prolander Amatorskiej Ligi Tenisa Sto\u0142owego w Tarnobrzegu.<\/p>\n<p><strong>2019<\/strong><br \/>\n<strong>XV-LECIE KLUBU<br \/>\n<\/strong>19-20 pa\u017adziernika 2019 r, obchodzili\u015bmy 15-lecie dzia\u0142alno\u015bci klubu<br \/>\n19 pa\u017adziernika (sobota) zorganizowali\u015bmy I Integracyjny Turniej Tenisa Sto\u0142owego \u2013 dla wszystkich. By\u0142 to przys\u0142owiowy \u201estrza\u0142 w dziesi\u0105tk\u0119\u201d.<br \/>\nNa hali sportowej ZSP nr 1 w Tarnobrzegu zjawi\u0142o si\u0119 87 uczestnik\u00f3w (a zg\u0142osi\u0142o si\u0119 99 os\u00f3b).<br \/>\n20 pa\u017adziernika (niedziela) odby\u0142o si\u0119 uroczyste spotkanie cz\u0142onk\u00f3w IKS-u i zaproszonych go\u015bci w siedzibie Sp\u00f3\u0142dzielni Socjalnej Konar w Tarnobrzegu.<\/p>\n<p><strong>2021<\/strong><br \/>\n<strong><em>TRZECI START W IGRZYSKACH PARAOLIMPIJSKICH<br \/>\n<\/em><\/strong>Igrzyska Paraolimpijskie Tokio &#8211; przeniesione z 2020. Uczestnicz\u0105 w nich 2 zawodnicy z IKS.<br \/>\nKrzysztof \u017by\u0142ka w turnieju indywidualnym zajmuje 5 miejsce w kl. 4 a Maciej Nalepka w turnieju indywidualnym zajmuje 9 miejsce w kl. 3.<br \/>\nObaj w dru\u017cynie w kl. 4-5 zajmuj\u0105 5 miejsce<\/p>\n<p><strong>2023<br \/>\n<\/strong>14-16 lipca &#8211; po raz ostatni organizowany<strong> mi\u0119dzynarodowy XVI Turniej S\u0142owian w Tenisie Sto\u0142owym na W\u00f3zkach \u2013 Tarnobrzeg 2023<\/strong><\/p>\n<p><strong>2023\/2024<br \/>\n<\/strong>Organizacja cyklu 6 turniej\u00f3w Grand Prix Tarnobrzega i Powiatu Tarnobrzeskiego w Tenisie Sto\u0142owym 2023\/24<\/p>\n<p><strong>2024<\/strong><br \/>\n<strong><em>CZWARTY START W IGRZYSKACH PARAOLIMPIJSKICH<br \/>\n<\/em><\/strong>Igrzyska Paraolimpijskie w Pary\u017cu. Uczestniczy w nich 1 zawodnik z IKS-u, Maciej Nalepka.<br \/>\nMaciej Nalepka w turnieju indywidualnym zajmuje 9-16 miejsce w kl. 3.<strong><br \/>\n<\/strong><\/p>\n<p>Po 20 latach dzia\u0142alno\u015bci jako prezes IKS-u ze wzgl\u0119du na stan zdrowia z funkcji prezesa klubu rezygnuje Rajmund Zi\u0119ba, nowym prezesem zostaje wybrany przez Walne Zgromadzenie Janusz Chamot<\/p>\n<p><strong>2024\/2025<\/strong><br \/>\nOrganizacja drugiego cyklu 6 turniej\u00f3w Grand Prix Tarnobrzega i Powiatu Tarnobrzeskiego w Tenisie Sto\u0142owym 2024\/25[\/vc_column_text][\/vc_column][\/vc_row][vc_section el_id=&#8221;tresc_wiadomosci&#8221;][\/vc_section][vc_section el_id=&#8221;galeria_zdjec&#8221;][vc_row][vc_column]<style>.gem-gallery-grid#style-69e2f8fa5aadc .gallery-item { padding: calc(42px\/2) !important; }.gem-gallery-grid#style-69e2f8fa5aadc .gallery-set { margin-top: calc(-42px\/2); margin-bottom: calc(-42px\/2); }.gem-gallery-grid#style-69e2f8fa5aadc .not-fullwidth-block .gallery-set, .gem-gallery-grid#style-69e2f8fa5aadc .not-fullwidth-block .portfolio-item-size-container { margin-left: calc(-42px\/2); margin-right: calc(-42px\/2); }.gem-gallery-grid#style-69e2f8fa5aadc .fullwidth-block { padding-left: calc(42px\/2); padding-right: calc(42px\/2); }.gem-gallery-grid#style-69e2f8fa5aadc .portfolio-filters { text-align: center }<\/style> <div class=\"gallery-preloader-wrapper\"> <div class=\"row\"> <div id=\"style-69e2f8fa5aadc\" class=\"gem-gallery-grid col-lg-12 col-md-12 col-sm-12 gallery-style-justified hover-gradient loading-animation item-animation-move-up columns-3 columns-tablet-2 columns-mobile-1 gaps-margin disable-isotope \" data-hover=\"gradient\" data-uid=\"69e2f8fa5aadc\" data-filter=\"[]\"> <div class=\"portfolio not-fullwidth-block \"> <ul class=\"gallery-set clearfix\" data-max-row-height=\"380\"> <li class=\"gallery-item gallery-0 col-xs-12 col-sm-6 col-md-4 item-animations-not-inited single-icon post-36 page type-page status-publish\" style=\"\"> <div class=\"wrap gem-wrapbox-style-default\"> <div class=\"overlay-wrap\"> <div class=\"image-wrap \"> <picture> <source srcset=\"https:\/\/ikstarnobrzeg.pl\/wp-content\/uploads\/2018\/06\/3-2-thegem-product-justified-square-m.jpg 1x\" sizes=\"100vw\"> <img src=\"https:\/\/ikstarnobrzeg.pl\/wp-content\/uploads\/2018\/06\/3-2-thegem-product-justified-square-m.jpg\" width=\"400\" height=\"400\" class=\"attachment-thegem-product-justified-square-m\" alt=\"3\" \/> <\/picture> <\/div> <div class=\"overlay \"> <div class=\"overlay-circle\"><\/div> <a href=\"https:\/\/ikstarnobrzeg.pl\/wp-content\/uploads\/2018\/06\/3-2.jpg\" class=\"gallery-item-link fancy-gallery\" data-fancybox=\"gallery-69e2f8fa5aadc\"> <span class=\"slide-info\"> <\/span> <\/a> <div class=\"overlay-content\"> <div class=\"overlay-content-center\"> <div class=\"overlay-content-inner\"> <a href=\"https:\/\/ikstarnobrzeg.pl\/wp-content\/uploads\/2018\/06\/3-2.jpg\" class=\"icon photo \" > <\/a> <div class=\"overlay-line\"><\/div> <\/div> <\/div> <\/div> <\/div> <\/div> <\/div> <\/li> <li class=\"gallery-item gallery-0 col-xs-12 col-sm-6 col-md-4 item-animations-not-inited single-icon post-36 page type-page status-publish\" style=\"\"> <div class=\"wrap gem-wrapbox-style-default\"> <div class=\"overlay-wrap\"> <div class=\"image-wrap \"> <picture> <source srcset=\"https:\/\/ikstarnobrzeg.pl\/wp-content\/uploads\/2018\/06\/17-strona-thegem-product-justified-square-m.jpg 1x\" sizes=\"100vw\"> <img src=\"https:\/\/ikstarnobrzeg.pl\/wp-content\/uploads\/2018\/06\/17-strona-thegem-product-justified-square-m.jpg\" width=\"400\" height=\"400\" class=\"attachment-thegem-product-justified-square-m\" alt=\"17 strona\" \/> <\/picture> <\/div> <div class=\"overlay \"> <div class=\"overlay-circle\"><\/div> <a href=\"https:\/\/ikstarnobrzeg.pl\/wp-content\/uploads\/2018\/06\/17-strona.jpg\" class=\"gallery-item-link fancy-gallery\" data-fancybox=\"gallery-69e2f8fa5aadc\"> <span class=\"slide-info\"> <\/span> <\/a> <div class=\"overlay-content\"> <div class=\"overlay-content-center\"> <div class=\"overlay-content-inner\"> <a href=\"https:\/\/ikstarnobrzeg.pl\/wp-content\/uploads\/2018\/06\/17-strona.jpg\" class=\"icon photo \" > <\/a> <div class=\"overlay-line\"><\/div> <\/div> <\/div> <\/div> <\/div> <\/div> <\/div> <\/li> <li class=\"gallery-item gallery-0 col-xs-12 col-sm-6 col-md-4 item-animations-not-inited single-icon post-36 page type-page status-publish\" style=\"\"> <div class=\"wrap gem-wrapbox-style-default\"> <div class=\"overlay-wrap\"> <div class=\"image-wrap \"> <picture> <source srcset=\"https:\/\/ikstarnobrzeg.pl\/wp-content\/uploads\/2018\/06\/karola-strona-thegem-product-justified-square-m.jpg 1x\" sizes=\"100vw\"> <img src=\"https:\/\/ikstarnobrzeg.pl\/wp-content\/uploads\/2018\/06\/karola-strona-thegem-product-justified-square-m.jpg\" width=\"400\" height=\"400\" class=\"attachment-thegem-product-justified-square-m\" alt=\"karola strona\" \/> <\/picture> <\/div> <div class=\"overlay \"> <div class=\"overlay-circle\"><\/div> <a href=\"https:\/\/ikstarnobrzeg.pl\/wp-content\/uploads\/2018\/06\/karola-strona.jpg\" class=\"gallery-item-link fancy-gallery\" data-fancybox=\"gallery-69e2f8fa5aadc\"> <span class=\"slide-info\"> <\/span> <\/a> <div class=\"overlay-content\"> <div class=\"overlay-content-center\"> <div class=\"overlay-content-inner\"> <a href=\"https:\/\/ikstarnobrzeg.pl\/wp-content\/uploads\/2018\/06\/karola-strona.jpg\" class=\"icon photo \" > <\/a> <div class=\"overlay-line\"><\/div> <\/div> <\/div> <\/div> <\/div> <\/div> <\/div> <\/li> <li class=\"gallery-item gallery-0 col-xs-12 col-sm-6 col-md-4 item-animations-not-inited single-icon post-36 page type-page status-publish\" style=\"\"> <div class=\"wrap gem-wrapbox-style-default\"> <div class=\"overlay-wrap\"> <div class=\"image-wrap \"> <picture> <source srcset=\"https:\/\/ikstarnobrzeg.pl\/wp-content\/uploads\/2018\/06\/krzychu-strona-thegem-product-justified-square-m.jpg 1x\" sizes=\"100vw\"> <img src=\"https:\/\/ikstarnobrzeg.pl\/wp-content\/uploads\/2018\/06\/krzychu-strona-thegem-product-justified-square-m.jpg\" width=\"400\" height=\"400\" class=\"attachment-thegem-product-justified-square-m\" alt=\"krzychu strona\" \/> <\/picture> <\/div> <div class=\"overlay \"> <div class=\"overlay-circle\"><\/div> <a href=\"https:\/\/ikstarnobrzeg.pl\/wp-content\/uploads\/2018\/06\/krzychu-strona.jpg\" class=\"gallery-item-link fancy-gallery\" data-fancybox=\"gallery-69e2f8fa5aadc\"> <span class=\"slide-info\"> <\/span> <\/a> <div class=\"overlay-content\"> <div class=\"overlay-content-center\"> <div class=\"overlay-content-inner\"> <a href=\"https:\/\/ikstarnobrzeg.pl\/wp-content\/uploads\/2018\/06\/krzychu-strona.jpg\" class=\"icon photo \" > <\/a> <div class=\"overlay-line\"><\/div> <\/div> <\/div> <\/div> <\/div> <\/div> <\/div> <\/li> <li class=\"gallery-item gallery-0 col-xs-12 col-sm-6 col-md-4 item-animations-not-inited single-icon post-36 page type-page status-publish\" style=\"\"> <div class=\"wrap gem-wrapbox-style-default\"> <div class=\"overlay-wrap\"> <div class=\"image-wrap \"> <picture> <source srcset=\"https:\/\/ikstarnobrzeg.pl\/wp-content\/uploads\/2018\/06\/maciej-strona-thegem-product-justified-square-m.jpg 1x\" sizes=\"100vw\"> <img src=\"https:\/\/ikstarnobrzeg.pl\/wp-content\/uploads\/2018\/06\/maciej-strona-thegem-product-justified-square-m.jpg\" width=\"400\" height=\"400\" class=\"attachment-thegem-product-justified-square-m\" alt=\"maciej strona\" \/> <\/picture> <\/div> <div class=\"overlay \"> <div class=\"overlay-circle\"><\/div> <a href=\"https:\/\/ikstarnobrzeg.pl\/wp-content\/uploads\/2018\/06\/maciej-strona.jpg\" class=\"gallery-item-link fancy-gallery\" data-fancybox=\"gallery-69e2f8fa5aadc\"> <span class=\"slide-info\"> <\/span> <\/a> <div class=\"overlay-content\"> <div class=\"overlay-content-center\"> <div class=\"overlay-content-inner\"> <a href=\"https:\/\/ikstarnobrzeg.pl\/wp-content\/uploads\/2018\/06\/maciej-strona.jpg\" class=\"icon photo \" > <\/a> <div class=\"overlay-line\"><\/div> <\/div> <\/div> <\/div> <\/div> <\/div> <\/div> <\/li> <\/ul> <\/div> <\/div> <\/div> <\/div>[\/vc_column][\/vc_row][\/vc_section]<\/p>\n<\/div>","protected":false},"excerpt":{"rendered":"<p>[vc_row][vc_column][vc_column_text css=&#8221;&#8221;] \u2705\u00a0Pomys\u0142odawc\u0105 za\u0142o\u017cenia klub jest Rajmund Zi\u0119ba, kt\u00f3ry wraz z Janem Dryk\u0105 trenerem podnoszenia ci\u0119\u017car\u00f3w w 2004 roku postanowili&#8230;<\/p>\n","protected":false},"author":1,"featured_media":0,"parent":0,"menu_order":7,"comment_status":"closed","ping_status":"closed","template":"","meta":{"footnotes":""},"class_list":["post-36","page","type-page","status-publish"],"_links":{"self":[{"href":"https:\/\/ikstarnobrzeg.pl\/index.php\/wp-json\/wp\/v2\/pages\/36","targetHints":{"allow":["GET"]}}],"collection":[{"href":"https:\/\/ikstarnobrzeg.pl\/index.php\/wp-json\/wp\/v2\/pages"}],"about":[{"href":"https:\/\/ikstarnobrzeg.pl\/index.php\/wp-json\/wp\/v2\/types\/page"}],"author":[{"embeddable":true,"href":"https:\/\/ikstarnobrzeg.pl\/index.php\/wp-json\/wp\/v2\/users\/1"}],"replies":[{"embeddable":true,"href":"https:\/\/ikstarnobrzeg.pl\/index.php\/wp-json\/wp\/v2\/comments?post=36"}],"version-history":[{"count":58,"href":"https:\/\/ikstarnobrzeg.pl\/index.php\/wp-json\/wp\/v2\/pages\/36\/revisions"}],"predecessor-version":[{"id":38536,"href":"https:\/\/ikstarnobrzeg.pl\/index.php\/wp-json\/wp\/v2\/pages\/36\/revisions\/38536"}],"wp:attachment":[{"href":"https:\/\/ikstarnobrzeg.pl\/index.php\/wp-json\/wp\/v2\/media?parent=36"}],"curies":[{"name":"wp","href":"https:\/\/api.w.org\/{rel}","templated":true}]}}