{"id":35348,"date":"2021-11-22T12:28:11","date_gmt":"2021-11-22T11:28:11","guid":{"rendered":"http:\/\/ikstarnobrzeg.pl\/?page_id=35348"},"modified":"2024-06-29T15:44:21","modified_gmt":"2024-06-29T13:44:21","slug":"paraolimpijczycy","status":"publish","type":"page","link":"https:\/\/ikstarnobrzeg.pl\/index.php\/paraolimpijczycy\/","title":{"rendered":"Paraolimpijczycy"},"content":{"rendered":"<div class=\"wpb-content-wrapper\"><p>[vc_row][vc_column]<div class=\"gem-team row inline-row gem-team-style-1\" >\n<div class=\"col-md-4 col-sm-6 col-xs-12 inline-column\"> <div id=\"post-35359\" class=\"team-person centered-box default-background post-35359 thegem_team_person type-thegem_team_person status-publish has-post-thumbnail\" style=\" \"> <div class=\"team-person-image\"><span><img width=\"240\" height=\"240\" src=\"https:\/\/ikstarnobrzeg.pl\/wp-content\/uploads\/2021\/11\/14315662_970368266425195_1180558211_o-thegem-person-240.jpg\" class=\"img-responsive wp-post-image\" alt=\"14315662_970368266425195_1180558211_o\" srcset=\"https:\/\/ikstarnobrzeg.pl\/wp-content\/uploads\/2021\/11\/14315662_970368266425195_1180558211_o-thegem-person.jpg 2x\" sizes=\"100vw\" \/><\/span><\/div> <div class=\"team-person-info\"> <div class=\"team-person-name title-h4\" >KAROLINA P\u0118K<\/div> <\/div> <a class=\"team-person-link\" href=\"#karolina-pek-pog\" target=\"_self\"><\/a>\t<\/div>\n<\/div> <div class=\"col-md-4 col-sm-6 col-xs-12 inline-column\"> <div id=\"post-35354\" class=\"team-person centered-box default-background post-35354 thegem_team_person type-thegem_team_person status-publish has-post-thumbnail\" style=\" \"> <div class=\"team-person-image\"><span><img width=\"240\" height=\"240\" src=\"https:\/\/ikstarnobrzeg.pl\/wp-content\/uploads\/2021\/11\/K.-Z-1200-thegem-person-240.jpg\" class=\"img-responsive wp-post-image\" alt=\"K. \u017b 1200\" srcset=\"https:\/\/ikstarnobrzeg.pl\/wp-content\/uploads\/2021\/11\/K.-Z-1200-thegem-person.jpg 2x\" sizes=\"100vw\" \/><\/span><\/div> <div class=\"team-person-info\"> <div class=\"team-person-name title-h4\" >KRZYSZTOF \u017bY\u0141KA<\/div> <\/div> <a class=\"team-person-link\" href=\"#krzysztof-zylka-pog\" target=\"_self\"><\/a>\t<\/div>\n<\/div> <div class=\"col-md-4 col-sm-6 col-xs-12 inline-column\"> <div id=\"post-35350\" class=\"team-person centered-box default-background post-35350 thegem_team_person type-thegem_team_person status-publish has-post-thumbnail\" style=\" \"> <div class=\"team-person-image\"><span><img width=\"240\" height=\"240\" src=\"https:\/\/ikstarnobrzeg.pl\/wp-content\/uploads\/2021\/11\/239345695_2906481459564992_8088976892684609272_n-thegem-person-240.jpg\" class=\"img-responsive wp-post-image\" alt=\"239345695_2906481459564992_8088976892684609272_n\" srcset=\"https:\/\/ikstarnobrzeg.pl\/wp-content\/uploads\/2021\/11\/239345695_2906481459564992_8088976892684609272_n-thegem-person.jpg 2x\" sizes=\"100vw\" \/><\/span><\/div> <div class=\"team-person-info\"> <div class=\"team-person-name title-h4\" >MACIEJ NALEPKA<\/div> <\/div> <a class=\"team-person-link\" href=\"#maciej-nalepka-pog\" target=\"_self\"><\/a>\t<\/div>\n<\/div>\n<\/div>[\/vc_column][\/vc_row][vc_section el_id=&#8221;hidden-section&#8221;][vc_row el_id=&#8221;maciej-nalepka-pog&#8221;][vc_column width=&#8221;1\/2&#8243;]<div class=\"centered-box gem-image-centered-box\" ><div class=\"gem-image gem-wrapbox gem-wrapbox-style-1 gem-wrapbox-position-centered  thegem-custom-69e2e76dc7e807526\"  style=\"width: 60%;height: 60%;\" ><div class=\"gem-wrapbox-inner \" ><img class=\"gem-wrapbox-element img-responsive\" src=\"https:\/\/ikstarnobrzeg.pl\/wp-content\/uploads\/2021\/11\/239345695_2906481459564992_8088976892684609272_n.jpg\" alt=\"Marian Strza\u0142ka\"\/><\/div><\/div><\/div>[\/vc_column][vc_column width=&#8221;1\/2&#8243;][vc_column_text]<strong>MACIEJ NALEPKA<\/strong><\/p>\n<p>KLASA: 3 mi\u0119dzynarodowa &#8211; Reprezentant Polski<\/p>\n<p>W KLUBIE OD: 2006<\/p>\n<p><strong>OSI\u0104GNI\u0118CIA:<\/strong><\/p>\n<p><strong>2024<br \/>\n<\/strong>Igrzyska Paraolimpijskie, Pary\u017c (Francja) 2024 &#8211;\u00a0 awans<\/p>\n<p><strong>2021<\/strong><br \/>\nIgrzyska Paraolimpijskie, Tokio (Japonia) 2021- przeniesione\u00a0 z 2020 &#8211;\u00a0 awans<br \/>\n&#8211; turniej indywidualny &#8211; 9 miejsce w kl. 3<br \/>\n&#8211; turniej dru\u017cynowy &#8211; 5 miejsce w kl. 4-5<\/p>\n<p><strong>2016<\/strong><br \/>\nIgrzyska Paraolimpijskie, Rio de Janerio 2016 (Brazylia) &#8211; awans i debiut[\/vc_column_text][\/vc_column][\/vc_row][vc_row el_id=&#8221;krzysztof-zylka-pog&#8221;][vc_column width=&#8221;1\/2&#8243;]<div class=\"centered-box gem-image-centered-box\" ><div class=\"gem-image gem-wrapbox gem-wrapbox-style-1 gem-wrapbox-position-centered  thegem-custom-69e2e76dc7f043965\"  style=\"width: 60%;height: 60%;\" ><div class=\"gem-wrapbox-inner \" ><img class=\"gem-wrapbox-element img-responsive\" src=\"https:\/\/ikstarnobrzeg.pl\/wp-content\/uploads\/2021\/11\/K.-Z-1200.jpg\" alt=\"Marian Strza\u0142ka\"\/><\/div><\/div><\/div>[\/vc_column][vc_column width=&#8221;1\/2&#8243;][vc_column_text]<strong>KRZYSZTOF \u017bY\u0141KA<\/strong><\/p>\n<p>KLASA: 4 mi\u0119dzynarodowa &#8211; Reprezentant Polski<\/p>\n<p>W KLUBIE OD: 2006 &#8211; 2021<\/p>\n<p><strong>OSI\u0104GNI\u0118CIA:<\/strong><\/p>\n<p><strong>2021<\/strong><br \/>\nIgrzyska Paraolimpijskie, Tokio (Japonia) 2021 &#8211; przeniesione\u00a0 z 2020 &#8211;\u00a0 awans<br \/>\n&#8211; turniej indywidualny &#8211; 5 miejsce w kl. 4<br \/>\n&#8211; turniej dru\u017cynowy &#8211; 5 miejsce w kl. 4-5<\/p>\n<p><strong>2016<\/strong><br \/>\nIgrzyska Paraolimpijskie, Rio de Janerio (Brazylia) 2016 &#8211; awans i debiut[\/vc_column_text][\/vc_column][\/vc_row][vc_row el_id=&#8221;karolina-pek-pog&#8221;][vc_column width=&#8221;1\/2&#8243;]<div class=\"centered-box gem-image-centered-box\" ><div class=\"gem-image gem-wrapbox gem-wrapbox-style-1 gem-wrapbox-position-centered  thegem-custom-69e2e76dc7f658447\"  style=\"width: 60%;height: 60%;\" ><div class=\"gem-wrapbox-inner \" ><img class=\"gem-wrapbox-element img-responsive\" src=\"https:\/\/ikstarnobrzeg.pl\/wp-content\/uploads\/2021\/11\/14315662_970368266425195_1180558211_o.jpg\" alt=\"Marian Strza\u0142ka\"\/><\/div><\/div><\/div>[\/vc_column][vc_column width=&#8221;1\/2&#8243;][vc_column_text]<strong>KAROLINA P\u0118K<\/strong><\/p>\n<p>KLASA: 9 mi\u0119dzynarodowa &#8211; Reprezentant Polski<\/p>\n<p>W KLUBIE OD: 2008 DO 2016 (wychowanka klubu)<\/p>\n<p>Trenerzy:<br \/>\nJerzy Baran 2008-2009<br \/>\nPawe\u0142 Matysiak 2009-2010<br \/>\nJacek Lachor 2011-2015<\/p>\n<p><strong>OSI\u0104GNI\u0118CIA:<\/strong><\/p>\n<p><strong>2016<\/strong><br \/>\nIgrzyska Paraolimpijskie, Rio de Janeiro (Brazylia) 2016<br \/>\n&#8211; z\u0142oty medal dru\u017cynowo w kl. 6-10,<br \/>\n&#8211; br\u0105zowy medal indywidualnie w kl. 9<\/p>\n<p><strong>2012<\/strong><br \/>\nIgrzyska Paraolimpijskie, Londyn (Wielka Brytania) 2012<br \/>\n&#8211; br\u0105zowy medal dru\u017cynowo w kl. 6-10[\/vc_column_text][\/vc_column][\/vc_row][\/vc_section]<\/p>\n<\/div>","protected":false},"excerpt":{"rendered":"<p>[vc_row][vc_column][\/vc_column][\/vc_row][vc_section el_id=&#8221;hidden-section&#8221;][vc_row el_id=&#8221;maciej-nalepka-pog&#8221;][vc_column width=&#8221;1\/2&#8243;][\/vc_column][vc_column width=&#8221;1\/2&#8243;][vc_column_text]MACIEJ NALEPKA KLASA: 3 mi\u0119dzynarodowa &#8211; Reprezentant Polski W KLUBIE OD: 2006 OSI\u0104GNI\u0118CIA: 2024 Igrzyska Paraolimpijskie,&#8230;<\/p>\n","protected":false},"author":1,"featured_media":0,"parent":0,"menu_order":18,"comment_status":"closed","ping_status":"closed","template":"","meta":{"footnotes":""},"class_list":["post-35348","page","type-page","status-publish"],"_links":{"self":[{"href":"https:\/\/ikstarnobrzeg.pl\/index.php\/wp-json\/wp\/v2\/pages\/35348","targetHints":{"allow":["GET"]}}],"collection":[{"href":"https:\/\/ikstarnobrzeg.pl\/index.php\/wp-json\/wp\/v2\/pages"}],"about":[{"href":"https:\/\/ikstarnobrzeg.pl\/index.php\/wp-json\/wp\/v2\/types\/page"}],"author":[{"embeddable":true,"href":"https:\/\/ikstarnobrzeg.pl\/index.php\/wp-json\/wp\/v2\/users\/1"}],"replies":[{"embeddable":true,"href":"https:\/\/ikstarnobrzeg.pl\/index.php\/wp-json\/wp\/v2\/comments?post=35348"}],"version-history":[{"count":11,"href":"https:\/\/ikstarnobrzeg.pl\/index.php\/wp-json\/wp\/v2\/pages\/35348\/revisions"}],"predecessor-version":[{"id":37559,"href":"https:\/\/ikstarnobrzeg.pl\/index.php\/wp-json\/wp\/v2\/pages\/35348\/revisions\/37559"}],"wp:attachment":[{"href":"https:\/\/ikstarnobrzeg.pl\/index.php\/wp-json\/wp\/v2\/media?parent=35348"}],"curies":[{"name":"wp","href":"https:\/\/api.w.org\/{rel}","templated":true}]}}