{"id":33132,"date":"2019-10-08T08:37:01","date_gmt":"2019-10-08T06:37:01","guid":{"rendered":"http:\/\/ikstarnobrzeg.pl\/?page_id=33132"},"modified":"2023-05-11T09:21:52","modified_gmt":"2023-05-11T07:21:52","slug":"sezon-2019-2020","status":"publish","type":"page","link":"https:\/\/ikstarnobrzeg.pl\/index.php\/sezon-2019-2020\/","title":{"rendered":"Sezon 2019\/2020"},"content":{"rendered":"<div class=\"wpb-content-wrapper\"><p>[vc_row][vc_column][vc_column_text]<span class=\"_5mfr\"><span class=\"_6qdm\">\u2705<\/span><\/span>\u00a0Sezon 2019\/2020\u00a0 \u00a0 \u00a0 Amatorska Liga Tenisa Sto\u0142owego w Tarnobrzegu<\/p>\n<p>\u27a1\ufe0f\u00a0W czwartym sezonie rozgrywek ligi wyst\u0105pi\u0142o 16 dru\u017cyn podzielonych na 1 i 2 lig\u0119 (po 8 dru\u017cyn w ka\u017cdej).<br \/>\n\u27a1\ufe0f Nasz klub reprezentowa\u0142a jedna dru\u017cyna w 1 lidze.<br \/>\nIKS JEZIORO Tarnobrzeg \u2013 Janusz Malarz, Jacek Lachor, Jakub \u0141och, Krzysztof Stala, Grzegorz Je\u017c, Janusz Chamot, \u0141ukasz Delekta, Piotr Sokalski, kt\u00f3ra zaj\u0119\u0142a 4 miejsce.[\/vc_column_text][\/vc_column][\/vc_row][vc_section el_id=&#8221;tresc_wiadomosci&#8221;][vc_row][vc_column][vc_column_text][\/vc_column_text][\/vc_column][\/vc_row][\/vc_section][vc_section el_id=&#8221;galeria_zdjec&#8221;][vc_row][vc_column]<style>.gem-gallery-grid#style-69e2e76ee03a1 .gallery-item { padding: calc(42px\/2) !important; }.gem-gallery-grid#style-69e2e76ee03a1 .gallery-set { margin-top: calc(-42px\/2); margin-bottom: calc(-42px\/2); }.gem-gallery-grid#style-69e2e76ee03a1 .not-fullwidth-block .gallery-set, .gem-gallery-grid#style-69e2e76ee03a1 .not-fullwidth-block .portfolio-item-size-container { margin-left: calc(-42px\/2); margin-right: calc(-42px\/2); }.gem-gallery-grid#style-69e2e76ee03a1 .fullwidth-block { padding-left: calc(42px\/2); padding-right: calc(42px\/2); }.gem-gallery-grid#style-69e2e76ee03a1 .portfolio-filters { text-align: center }<\/style> <div class=\"gallery-preloader-wrapper\"> <div class=\"row\"> <div id=\"style-69e2e76ee03a1\" class=\"gem-gallery-grid col-lg-12 col-md-12 col-sm-12 gallery-style-justified hover-gradient loading-animation item-animation-move-up columns-4 columns-tablet-2 columns-mobile-1 gaps-margin disable-isotope \" data-hover=\"gradient\" data-uid=\"69e2e76ee03a1\" data-filter=\"[]\"> <div class=\"portfolio not-fullwidth-block \"> <ul class=\"gallery-set clearfix\" data-max-row-height=\"280\"> <li class=\"gallery-item gallery-0 col-xs-12 col-sm-6 col-md-3 item-animations-not-inited single-icon post-33132 page type-page status-publish\" style=\"\"> <div class=\"wrap gem-wrapbox-style-1\"> <div class=\"overlay-wrap\"> <div class=\"image-wrap \"> <picture> <source srcset=\"https:\/\/ikstarnobrzeg.pl\/wp-content\/uploads\/2019\/09\/2-2-thegem-product-justified-square-s.jpg 1x\" sizes=\"100vw\"> <img src=\"https:\/\/ikstarnobrzeg.pl\/wp-content\/uploads\/2019\/09\/2-2-thegem-product-justified-square-s.jpg\" width=\"300\" height=\"300\" class=\"attachment-thegem-product-justified-square-s\" alt=\"2\" \/> <\/picture> <\/div> <div class=\"overlay \"> <div class=\"overlay-circle\"><\/div> <a href=\"https:\/\/ikstarnobrzeg.pl\/wp-content\/uploads\/2019\/09\/2-2.jpg\" class=\"gallery-item-link fancy-gallery\" data-fancybox=\"gallery-69e2e76ee03a1\"> <span class=\"slide-info\"> <\/span> <\/a> <div class=\"overlay-content\"> <div class=\"overlay-content-center\"> <div class=\"overlay-content-inner\"> <a href=\"https:\/\/ikstarnobrzeg.pl\/wp-content\/uploads\/2019\/09\/2-2.jpg\" class=\"icon photo \" > <\/a> <div class=\"overlay-line\"><\/div> <\/div> <\/div> <\/div> <\/div> <\/div> <\/div> <\/li> <li class=\"gallery-item gallery-0 col-xs-12 col-sm-6 col-md-3 item-animations-not-inited single-icon post-33132 page type-page status-publish\" style=\"\"> <div class=\"wrap gem-wrapbox-style-1\"> <div class=\"overlay-wrap\"> <div class=\"image-wrap \"> <picture> <source srcset=\"https:\/\/ikstarnobrzeg.pl\/wp-content\/uploads\/2019\/09\/1-2-thegem-product-justified-square-s.jpg 1x\" sizes=\"100vw\"> <img src=\"https:\/\/ikstarnobrzeg.pl\/wp-content\/uploads\/2019\/09\/1-2-thegem-product-justified-square-s.jpg\" width=\"300\" height=\"300\" class=\"attachment-thegem-product-justified-square-s\" alt=\"1\" \/> <\/picture> <\/div> <div class=\"overlay \"> <div class=\"overlay-circle\"><\/div> <a href=\"https:\/\/ikstarnobrzeg.pl\/wp-content\/uploads\/2019\/09\/1-2.jpg\" class=\"gallery-item-link fancy-gallery\" data-fancybox=\"gallery-69e2e76ee03a1\"> <span class=\"slide-info\"> <\/span> <\/a> <div class=\"overlay-content\"> <div class=\"overlay-content-center\"> <div class=\"overlay-content-inner\"> <a href=\"https:\/\/ikstarnobrzeg.pl\/wp-content\/uploads\/2019\/09\/1-2.jpg\" class=\"icon photo \" > <\/a> <div class=\"overlay-line\"><\/div> <\/div> <\/div> <\/div> <\/div> <\/div> <\/div> <\/li> <li class=\"gallery-item gallery-0 col-xs-12 col-sm-6 col-md-3 item-animations-not-inited single-icon post-33132 page type-page status-publish\" style=\"\"> <div class=\"wrap gem-wrapbox-style-1\"> <div class=\"overlay-wrap\"> <div class=\"image-wrap \"> <picture> <source srcset=\"https:\/\/ikstarnobrzeg.pl\/wp-content\/uploads\/2019\/09\/6-1-thegem-product-justified-square-s.jpg 1x\" sizes=\"100vw\"> <img src=\"https:\/\/ikstarnobrzeg.pl\/wp-content\/uploads\/2019\/09\/6-1-thegem-product-justified-square-s.jpg\" width=\"300\" height=\"300\" class=\"attachment-thegem-product-justified-square-s\" alt=\"6\" \/> <\/picture> <\/div> <div class=\"overlay \"> <div class=\"overlay-circle\"><\/div> <a href=\"https:\/\/ikstarnobrzeg.pl\/wp-content\/uploads\/2019\/09\/6-1.jpg\" class=\"gallery-item-link fancy-gallery\" data-fancybox=\"gallery-69e2e76ee03a1\"> <span class=\"slide-info\"> <\/span> <\/a> <div class=\"overlay-content\"> <div class=\"overlay-content-center\"> <div class=\"overlay-content-inner\"> <a href=\"https:\/\/ikstarnobrzeg.pl\/wp-content\/uploads\/2019\/09\/6-1.jpg\" class=\"icon photo \" > <\/a> <div class=\"overlay-line\"><\/div> <\/div> <\/div> <\/div> <\/div> <\/div> <\/div> <\/li> <li class=\"gallery-item gallery-0 col-xs-12 col-sm-6 col-md-3 item-animations-not-inited single-icon post-33132 page type-page status-publish\" style=\"\"> <div class=\"wrap gem-wrapbox-style-1\"> <div class=\"overlay-wrap\"> <div class=\"image-wrap \"> <picture> <source srcset=\"https:\/\/ikstarnobrzeg.pl\/wp-content\/uploads\/2019\/09\/5-1-thegem-product-justified-square-s.jpg 1x\" sizes=\"100vw\"> <img src=\"https:\/\/ikstarnobrzeg.pl\/wp-content\/uploads\/2019\/09\/5-1-thegem-product-justified-square-s.jpg\" width=\"300\" height=\"300\" class=\"attachment-thegem-product-justified-square-s\" alt=\"5\" \/> <\/picture> <\/div> <div class=\"overlay \"> <div class=\"overlay-circle\"><\/div> <a href=\"https:\/\/ikstarnobrzeg.pl\/wp-content\/uploads\/2019\/09\/5-1.jpg\" class=\"gallery-item-link fancy-gallery\" data-fancybox=\"gallery-69e2e76ee03a1\"> <span class=\"slide-info\"> <\/span> <\/a> <div class=\"overlay-content\"> <div class=\"overlay-content-center\"> <div class=\"overlay-content-inner\"> <a href=\"https:\/\/ikstarnobrzeg.pl\/wp-content\/uploads\/2019\/09\/5-1.jpg\" class=\"icon photo \" > <\/a> <div class=\"overlay-line\"><\/div> <\/div> <\/div> <\/div> <\/div> <\/div> <\/div> <\/li> <li class=\"gallery-item gallery-0 col-xs-12 col-sm-6 col-md-3 item-animations-not-inited single-icon post-33132 page type-page status-publish\" style=\"\"> <div class=\"wrap gem-wrapbox-style-1\"> <div class=\"overlay-wrap\"> <div class=\"image-wrap \"> <picture> <source srcset=\"https:\/\/ikstarnobrzeg.pl\/wp-content\/uploads\/2019\/09\/3-1-thegem-product-justified-square-s.jpg 1x\" sizes=\"100vw\"> <img src=\"https:\/\/ikstarnobrzeg.pl\/wp-content\/uploads\/2019\/09\/3-1-thegem-product-justified-square-s.jpg\" width=\"300\" height=\"300\" class=\"attachment-thegem-product-justified-square-s\" alt=\"3\" \/> <\/picture> <\/div> <div class=\"overlay \"> <div class=\"overlay-circle\"><\/div> <a href=\"https:\/\/ikstarnobrzeg.pl\/wp-content\/uploads\/2019\/09\/3-1.jpg\" class=\"gallery-item-link fancy-gallery\" data-fancybox=\"gallery-69e2e76ee03a1\"> <span class=\"slide-info\"> <\/span> <\/a> <div class=\"overlay-content\"> <div class=\"overlay-content-center\"> <div class=\"overlay-content-inner\"> <a href=\"https:\/\/ikstarnobrzeg.pl\/wp-content\/uploads\/2019\/09\/3-1.jpg\" class=\"icon photo \" > <\/a> <div class=\"overlay-line\"><\/div> <\/div> <\/div> <\/div> <\/div> <\/div> <\/div> <\/li> <li class=\"gallery-item gallery-0 col-xs-12 col-sm-6 col-md-3 item-animations-not-inited single-icon post-33132 page type-page status-publish\" style=\"\"> <div class=\"wrap gem-wrapbox-style-1\"> <div class=\"overlay-wrap\"> <div class=\"image-wrap \"> <picture> <source srcset=\"https:\/\/ikstarnobrzeg.pl\/wp-content\/uploads\/2019\/09\/4-1-thegem-product-justified-square-s.jpg 1x\" sizes=\"100vw\"> <img src=\"https:\/\/ikstarnobrzeg.pl\/wp-content\/uploads\/2019\/09\/4-1-thegem-product-justified-square-s.jpg\" width=\"300\" height=\"300\" class=\"attachment-thegem-product-justified-square-s\" alt=\"4\" \/> <\/picture> <\/div> <div class=\"overlay \"> <div class=\"overlay-circle\"><\/div> <a href=\"https:\/\/ikstarnobrzeg.pl\/wp-content\/uploads\/2019\/09\/4-1.jpg\" class=\"gallery-item-link fancy-gallery\" data-fancybox=\"gallery-69e2e76ee03a1\"> <span class=\"slide-info\"> <\/span> <\/a> <div class=\"overlay-content\"> <div class=\"overlay-content-center\"> <div class=\"overlay-content-inner\"> <a href=\"https:\/\/ikstarnobrzeg.pl\/wp-content\/uploads\/2019\/09\/4-1.jpg\" class=\"icon photo \" > <\/a> <div class=\"overlay-line\"><\/div> <\/div> <\/div> <\/div> <\/div> <\/div> <\/div> <\/li> <li class=\"gallery-item gallery-0 col-xs-12 col-sm-6 col-md-3 item-animations-not-inited single-icon post-33132 page type-page status-publish\" style=\"\"> <div class=\"wrap gem-wrapbox-style-1\"> <div class=\"overlay-wrap\"> <div class=\"image-wrap \"> <picture> <source srcset=\"https:\/\/ikstarnobrzeg.pl\/wp-content\/uploads\/2019\/09\/2-1-thegem-product-justified-square-s.jpg 1x\" sizes=\"100vw\"> <img src=\"https:\/\/ikstarnobrzeg.pl\/wp-content\/uploads\/2019\/09\/2-1-thegem-product-justified-square-s.jpg\" width=\"300\" height=\"300\" class=\"attachment-thegem-product-justified-square-s\" alt=\"2\" \/> <\/picture> <\/div> <div class=\"overlay \"> <div class=\"overlay-circle\"><\/div> <a href=\"https:\/\/ikstarnobrzeg.pl\/wp-content\/uploads\/2019\/09\/2-1.jpg\" class=\"gallery-item-link fancy-gallery\" data-fancybox=\"gallery-69e2e76ee03a1\"> <span class=\"slide-info\"> <\/span> <\/a> <div class=\"overlay-content\"> <div class=\"overlay-content-center\"> <div class=\"overlay-content-inner\"> <a href=\"https:\/\/ikstarnobrzeg.pl\/wp-content\/uploads\/2019\/09\/2-1.jpg\" class=\"icon photo \" > <\/a> <div class=\"overlay-line\"><\/div> <\/div> <\/div> <\/div> <\/div> <\/div> <\/div> <\/li> <li class=\"gallery-item gallery-0 col-xs-12 col-sm-6 col-md-3 item-animations-not-inited single-icon post-33132 page type-page status-publish\" style=\"\"> <div class=\"wrap gem-wrapbox-style-1\"> <div class=\"overlay-wrap\"> <div class=\"image-wrap \"> <picture> <source srcset=\"https:\/\/ikstarnobrzeg.pl\/wp-content\/uploads\/2019\/09\/1-1-thegem-product-justified-square-s.jpg 1x\" sizes=\"100vw\"> <img src=\"https:\/\/ikstarnobrzeg.pl\/wp-content\/uploads\/2019\/09\/1-1-thegem-product-justified-square-s.jpg\" width=\"300\" height=\"300\" class=\"attachment-thegem-product-justified-square-s\" alt=\"1\" \/> <\/picture> <\/div> <div class=\"overlay \"> <div class=\"overlay-circle\"><\/div> <a href=\"https:\/\/ikstarnobrzeg.pl\/wp-content\/uploads\/2019\/09\/1-1.jpg\" class=\"gallery-item-link fancy-gallery\" data-fancybox=\"gallery-69e2e76ee03a1\"> <span class=\"slide-info\"> <\/span> <\/a> <div class=\"overlay-content\"> <div class=\"overlay-content-center\"> <div class=\"overlay-content-inner\"> <a href=\"https:\/\/ikstarnobrzeg.pl\/wp-content\/uploads\/2019\/09\/1-1.jpg\" class=\"icon photo \" > <\/a> <div class=\"overlay-line\"><\/div> <\/div> <\/div> <\/div> <\/div> <\/div> <\/div> <\/li> <\/ul> <\/div> <\/div> <\/div> <\/div>[\/vc_column][\/vc_row][\/vc_section]<\/p>\n<\/div>","protected":false},"excerpt":{"rendered":"<p>[vc_row][vc_column][vc_column_text]\u2705\u00a0Sezon 2019\/2020\u00a0 \u00a0 \u00a0 Amatorska Liga Tenisa Sto\u0142owego w Tarnobrzegu \u27a1\ufe0f\u00a0W czwartym sezonie rozgrywek ligi wyst\u0105pi\u0142o 16 dru\u017cyn podzielonych na&#8230;<\/p>\n","protected":false},"author":1,"featured_media":0,"parent":0,"menu_order":23,"comment_status":"closed","ping_status":"closed","template":"","meta":{"footnotes":""},"class_list":["post-33132","page","type-page","status-publish"],"_links":{"self":[{"href":"https:\/\/ikstarnobrzeg.pl\/index.php\/wp-json\/wp\/v2\/pages\/33132","targetHints":{"allow":["GET"]}}],"collection":[{"href":"https:\/\/ikstarnobrzeg.pl\/index.php\/wp-json\/wp\/v2\/pages"}],"about":[{"href":"https:\/\/ikstarnobrzeg.pl\/index.php\/wp-json\/wp\/v2\/types\/page"}],"author":[{"embeddable":true,"href":"https:\/\/ikstarnobrzeg.pl\/index.php\/wp-json\/wp\/v2\/users\/1"}],"replies":[{"embeddable":true,"href":"https:\/\/ikstarnobrzeg.pl\/index.php\/wp-json\/wp\/v2\/comments?post=33132"}],"version-history":[{"count":7,"href":"https:\/\/ikstarnobrzeg.pl\/index.php\/wp-json\/wp\/v2\/pages\/33132\/revisions"}],"predecessor-version":[{"id":36712,"href":"https:\/\/ikstarnobrzeg.pl\/index.php\/wp-json\/wp\/v2\/pages\/33132\/revisions\/36712"}],"wp:attachment":[{"href":"https:\/\/ikstarnobrzeg.pl\/index.php\/wp-json\/wp\/v2\/media?parent=33132"}],"curies":[{"name":"wp","href":"https:\/\/api.w.org\/{rel}","templated":true}]}}