{"id":30723,"date":"2018-07-16T20:43:09","date_gmt":"2018-07-16T18:43:09","guid":{"rendered":"http:\/\/ikstarnobrzeg.pl\/?page_id=30723"},"modified":"2025-08-26T12:42:00","modified_gmt":"2025-08-26T10:42:00","slug":"sponsorzy-2","status":"publish","type":"page","link":"https:\/\/ikstarnobrzeg.pl\/index.php\/sponsorzy-2\/","title":{"rendered":"Sponsorzy"},"content":{"rendered":"<p><span style=\"color: #000000;\"><strong>Szanowni Pa\u0144stwo!<br \/>\nZapraszamy do Wsp\u00f3\u0142pracy!<\/strong><\/span><\/p>\n<p><span style=\"color: #0000ff;\"><strong>Nasze koszulki i dresy czekaj\u0105 by umie\u015bci\u0107 logo sponsora!!<\/strong><\/span><br \/>\nStworzyli\u015bmy silny klub na Podkarpaciu, mamy odpowiedni zgrany \u201eTEAM\u201d (zawodnicy, prezes, trenerzy),<br \/>\nkt\u00f3rzy wsp\u00f3lnie ci\u0119\u017cko pracuj\u0105c, chc\u0105 odnosi\u0107 sukcesy i to robi\u0105.<\/p>\n<p>Dlatego warto nam zaufa\u0107 i w nas zainwestowa\u0107??<br \/>\nBo to przeradza si\u0119 w sukces i a tym samym w \u015bwietn\u0105 promocj\u0119 sponsora.<\/p>\n<p>Nasze starty i nasze sukcesy to odpowiednia, \u015bwietna promocja sponsora w kraju i poza jego granicami.<\/p>\n<p><em><b>Od 2006 roku, co roku odnosimy sukcesy, zdobyli\u015bmy i zdobywamy mn\u00f3stwo medali na zawodach mi\u0119dzynarodowych i krajowych:<\/b><\/em><br \/>\nIgrzyska Paraolimpijskie &#8211; 3 medale<br \/>\nMistrzostwa \u015awiata &#8211; 2 medale<br \/>\nMistrzostwa Europy &#8211; 10 medali<br \/>\nIndywidualne Mistrzostwa Polski &#8211; 185 medale<br \/>\nDru\u017cynowe Mistrzostwa Polski &#8211; 35 medali<br \/>\nTurnieje mi\u0119dzynarodowe i krajowe \u2013 292 medali<\/p>\n<p><strong>ZAPRASZAMY DO WSP\u00d3\u0141PRACY!<br \/>\nProsimy o kontakt tel. 695 282 509 lub 515 098 064<\/strong><\/p>\n","protected":false},"excerpt":{"rendered":"<p>Szanowni Pa\u0144stwo! Zapraszamy do Wsp\u00f3\u0142pracy! Nasze koszulki i dresy czekaj\u0105 by umie\u015bci\u0107 logo sponsora!! Stworzyli\u015bmy silny klub na Podkarpaciu, mamy&#8230;<\/p>\n","protected":false},"author":1,"featured_media":0,"parent":0,"menu_order":28,"comment_status":"closed","ping_status":"closed","template":"","meta":{"footnotes":""},"class_list":["post-30723","page","type-page","status-publish"],"_links":{"self":[{"href":"https:\/\/ikstarnobrzeg.pl\/index.php\/wp-json\/wp\/v2\/pages\/30723","targetHints":{"allow":["GET"]}}],"collection":[{"href":"https:\/\/ikstarnobrzeg.pl\/index.php\/wp-json\/wp\/v2\/pages"}],"about":[{"href":"https:\/\/ikstarnobrzeg.pl\/index.php\/wp-json\/wp\/v2\/types\/page"}],"author":[{"embeddable":true,"href":"https:\/\/ikstarnobrzeg.pl\/index.php\/wp-json\/wp\/v2\/users\/1"}],"replies":[{"embeddable":true,"href":"https:\/\/ikstarnobrzeg.pl\/index.php\/wp-json\/wp\/v2\/comments?post=30723"}],"version-history":[{"count":12,"href":"https:\/\/ikstarnobrzeg.pl\/index.php\/wp-json\/wp\/v2\/pages\/30723\/revisions"}],"predecessor-version":[{"id":38565,"href":"https:\/\/ikstarnobrzeg.pl\/index.php\/wp-json\/wp\/v2\/pages\/30723\/revisions\/38565"}],"wp:attachment":[{"href":"https:\/\/ikstarnobrzeg.pl\/index.php\/wp-json\/wp\/v2\/media?parent=30723"}],"curies":[{"name":"wp","href":"https:\/\/api.w.org\/{rel}","templated":true}]}}